{"id":97,"date":"2022-01-27T10:58:35","date_gmt":"2022-01-27T10:58:35","guid":{"rendered":"http:\/\/cognito.mprinsdesign.nl\/?page_id=97"},"modified":"2025-07-18T08:43:32","modified_gmt":"2025-07-18T08:43:32","slug":"umisteni","status":"publish","type":"page","link":"https:\/\/savia-mijas.com\/cs\/umisteni\/","title":{"rendered":"Um\u00edst\u011bn\u00ed"},"content":{"rendered":"<section class=\"wpb-content-wrapper\"><div  class=\"content_row row page-content vc_row wpb_row  default-style fullwidth\" >\n\t\n\t<div class=\"content_row_wrapper  default\" >\n\t<div id=\"asdasd\" class=\"vc_col-sm-12 wpb_column vc_column_container\" >\n\t<div class=\"vc_column-inner\">\n\t\t<div class=\"wpb_wrapper\" >\n\t\t\t<div class=\"rt_heading_wrapper no-style\">\n\t\t\t\t\t\t<h1 class=\"rt_heading  no-style\"  style=\"font-size:24px;margin-top:24px;margin-bottom:0px;\">M\u00edsto - <span class=\"after_h1\">Savia Mijasov\u00e1<\/span><\/h1> \n\t\t\t\t\t<\/div><div class=\"vc_empty_space\"   style=\"height: 32px\"><span class=\"vc_empty_space_inner\"><\/span><\/div>\n\t<div class=\"wpb_text_column wpb_content_element\" >\n\t\t<div class=\"wpb_wrapper\">\n\t\t\t<p><strong>Na pob\u0159e\u017e\u00ed Costa del Sol, v nov\u00e9 urbanizaci Hip\u00f3dromo Mijas, v okrese Savia v Mijasu, prob\u00edhaj\u00ed pr\u00e1ce na nov\u00e9m stavebn\u00edm projektu SAVIA MIJAS.<\/strong><strong> region Mijas je n\u00e1dhern\u00e1 oblast s presti\u017en\u00edmi urbanizacemi, exkluzivn\u00edmi vilami, kluby, golfov\u00fdmi h\u0159i\u0161ti atd. Je to jak reziden\u010dn\u00ed, tak turistick\u00e1 oblast, jej\u00ed\u017e popularita roste d\u00edky strategick\u00e9 poloze, slu\u017eb\u00e1m a atraktivn\u00ed <\/strong><strong>prost\u0159ed\u00ed s p\u0159\u00edrodn\u00ed krajinou, pob\u0159e\u017en\u00ed stezka, 14 kilometr\u016f pl\u00e1\u017ee, hory a d\u016fle\u017eit\u00e1 infrastruktura se v\u0161\u00edm kolem. Mijas je okouzluj\u00edc\u00ed m\u011bsto pova\u017eovan\u00e9 za jednu z nejlep\u0161\u00edch destinac\u00ed v Evrop\u011b z n\u011bkolika d\u016fvod\u016f: klima, gastronomie, poloha, kousek od Marbelly, Sotogrande a Gibraltaru a snadn\u00fd p\u0159\u00edstup p\u0159es AP7 a leti\u0161t\u011b Malaga, kter\u00e9 je jen 35 km daleko.<\/strong><\/p>\n<p>Na Costa del Sol s n\u00e1dhernou teplotou, kr\u00e1sn\u00fdmi pl\u00e1\u017eemi a mnoha pam\u00e1tkami je v\u017edy co d\u011blat. D\u00edky dobr\u00e9 infrastruktu\u0159e je v\u0161e dob\u0159e dostupn\u00e9. Tento region zkr\u00e1tka nab\u00edz\u00ed bohatou sm\u011bs relaxace, dobrodru\u017estv\u00ed a kulturn\u00edch z\u00e1\u017eitk\u016f, d\u00edky \u010demu\u017e je ide\u00e1ln\u00ed destinac\u00ed pro rekreanty i obyvatele.<\/p>\n\n\t\t<\/div>\n\t<\/div>\n\n\t<div  class=\"wpb_single_image wpb_content_element vc_align_center\">\n\t\t\n\t\t<figure class=\"wpb_wrapper vc_figure\">\n\t\t\t<div class=\"vc_single_image-wrapper   vc_box_border_grey\"><img fetchpriority=\"high\" decoding=\"async\" width=\"1200\" height=\"800\" src=\"https:\/\/savia-mijas.com\/wp-content\/uploads\/sites\/43\/2025\/07\/savia2maplr.jpg\" class=\"vc_single_image-img attachment-full\" alt=\"Poloha Savie II\" title=\"savia2maplr\" srcset=\"https:\/\/savia-mijas.com\/wp-content\/uploads\/sites\/43\/2025\/07\/savia2maplr.jpg 1200w, https:\/\/savia-mijas.com\/wp-content\/uploads\/sites\/43\/2025\/07\/savia2maplr-300x200.jpg 300w, https:\/\/savia-mijas.com\/wp-content\/uploads\/sites\/43\/2025\/07\/savia2maplr-1024x683.jpg 1024w, https:\/\/savia-mijas.com\/wp-content\/uploads\/sites\/43\/2025\/07\/savia2maplr-768x512.jpg 768w, https:\/\/savia-mijas.com\/wp-content\/uploads\/sites\/43\/2025\/07\/savia2maplr-18x12.jpg 18w\" sizes=\"(max-width: 1200px) 100vw, 1200px\" \/><\/div>\n\t\t<\/figure>\n\t<\/div>\n<div class=\"button_wrapper aligncenter\"><a  href=\"\" target=\"_self\" title=\"&gt; vy\u017e\u00e1dat si informa\u010dn\u00ed bal\u00ed\u010dek\" class=\"button_  style-2 small\">&gt; vy\u017e\u00e1dat si informa\u010dn\u00ed bal\u00ed\u010dek<\/a><\/div><div class=\"vc_separator wpb_content_element vc_separator_align_center vc_sep_width_100 vc_sep_style-6 vc_sep_pos_align_center vc_separator_no_text vc_sep_color_grey\" ><span class=\"vc_sep_holder vc_sep_holder_l\"><span class=\"vc_sep_line\"><\/span><\/span><span class=\"vc_sep_holder vc_sep_holder_r\"><span class=\"vc_sep_line\"><\/span><\/span>\n<\/div>\n\t<div class=\"wpb_text_column wpb_content_element\" >\n\t\t<div class=\"wpb_wrapper\">\n\t\t\t<p>Z komplexu Savia Mijas Mijas je tak\u00e9 mnoho k objevov\u00e1n\u00ed v bezprost\u0159edn\u00ed bl\u00edzkosti. Zde jsou n\u011bkter\u00e9 aktivity a pam\u00e1tky, kter\u00e9 byste si nem\u011bli nechat uj\u00edt, a to v\u0161e v r\u00e1mci ch\u016fze, j\u00edzdy na kole nebo kr\u00e1tk\u00e9 j\u00edzdy autem:<\/p>\n<ul>\n<li><strong>Mijas Pueblo<\/strong>: Okouzluj\u00edc\u00ed b\u00edl\u00e1 vesnice v hor\u00e1ch s \u00fazk\u00fdmi uli\u010dkami, tradi\u010dn\u00ed andaluskou architekturou a n\u00e1dhern\u00fdm v\u00fdhledem na pob\u0159e\u017e\u00ed.<\/li>\n<li><strong>Castillo de Colomares<\/strong>: Impozantn\u00ed pam\u00e1tn\u00edk v Benalm\u00e1dena, v\u011bnovan\u00fd objeven\u00ed Ameriky Kolumbem. Jedn\u00e1 se o jedine\u010dn\u00fd mix architektonick\u00fdch styl\u016f.<\/li>\n<li><strong>Sportovn\u00ed mo\u017enosti<\/strong><br \/>\n<em>Golfov\u00e1 h\u0159i\u0161t\u011b<\/em>: Region je zn\u00e1m\u00fd sv\u00fdmi golfov\u00fdmi h\u0159i\u0161ti, jako je Mijas Golf a Santana Golf, kter\u00e1 nab\u00edzej\u00ed vynikaj\u00edc\u00ed z\u00e1zem\u00ed pro golfov\u00e9 nad\u0161ence.<br \/>\n<em>Vodn\u00ed sporty<\/em>: Na nedalek\u00fdch pl\u00e1\u017e\u00edch si m\u016f\u017eete u\u017e\u00edt aktivity, jako je windsurfing, j\u00edzda na kajaku a paddleboarding.<\/li>\n<li>Mo\u017enosti z\u00e1bavy<br \/>\n<em>Fuengirola<\/em>: Zn\u00e1m\u00fd sv\u00fdm ru\u0161n\u00fdm no\u010dn\u00edm \u017eivotem se spoustou bar\u016f, klub\u016f a mo\u017enost\u00ed \u017eiv\u00e9 hudby.<br \/>\n<em>La Cala de Mijas<\/em>: \u00datuln\u00e9 p\u0159\u00edmo\u0159sk\u00e9 letovisko s uvoln\u011bnou atmosf\u00e9rou, kde si m\u016f\u017eete u\u017e\u00edt pl\u00e1\u017eov\u00e9 bary a ve\u010dern\u00ed proch\u00e1zky po promen\u00e1d\u011b.<\/li>\n<li>Kulin\u00e1\u0159sk\u00e9 mo\u017enosti<br \/>\n<em>M\u00edstn\u00ed restaurace<\/em>: Vychutnejte si andaluskou kuchyni v m\u00edstn\u00edch tapas barech a ryb\u00edch restaurac\u00edch. Vyzkou\u0161ejte pokrmy jako paella, gazpacho a \u010derstv\u00e9 mo\u0159sk\u00e9 plody.<br \/>\n<em>Chiringuitos<\/em>: Pl\u00e1\u017eov\u00e9 restaurace, kde si m\u016f\u017eete vychutnat pokrmy z \u010derstv\u00fdch ryb p\u0159\u00edmo u mo\u0159e.<br \/>\nKulturn\u00ed p\u0159\u00edle\u017eitosti<br \/>\n<em>Museo Hist\u00f3rico-Etnol\u00f3gico de Mijas<\/em>: Muzeum, kter\u00e9 nab\u00edz\u00ed pohled do m\u00edstn\u00ed historie a tradic Mijas.<br \/>\n<em>P\u0159edstaven\u00ed flamenca<\/em>: Za\u017eijte v\u00e1\u0161e\u0148 \u0161pan\u011blsk\u00e9 kultury s tradi\u010dn\u00ed flamenkovou show v jednom z m\u00edstn\u00edch divadel nebo bar\u016f.<\/li>\n<li>ochutnat <strong>m\u00edstn\u00ed gastronomie<\/strong> \u2013 Andalusk\u00e1 kuchyn\u011b je bohat\u00e1 a rozmanit\u00e1. Vychutnejte si m\u00edstn\u00ed speciality, jako je gazpacho, espetos (sardinky na \u0161p\u00edze) a region\u00e1ln\u00ed sladk\u00e9 v\u00edno. V okol\u00ed je spousta restaurac\u00ed a tapas bar\u016f, kde si tyto lah\u016fdky m\u016f\u017eete vychutnat.<\/li>\n<li><strong>na kole pod\u00e9l Riviera del Sol<\/strong> \u2013 Popadn\u011bte kolo a prozkoumejte kr\u00e1sn\u00e9 pob\u0159e\u017e\u00ed pod\u00e9l Riviera del Sol. Trasa nab\u00edz\u00ed kr\u00e1sn\u00e9 v\u00fdhledy a \u00fatuln\u00e9 pl\u00e1\u017eov\u00e9 bary (chiringuitos), kde se m\u016f\u017eete zastavit na osv\u011b\u017euj\u00edc\u00ed drink.<\/li>\n<li>nav\u0161tivte to <strong>Hrad Sohail<\/strong> (Fuengirola) \u2013 Tento historick\u00fd hrad se nach\u00e1z\u00ed kousek od Calahondy a nab\u00edz\u00ed nejen zaj\u00edmavou historii, ale tak\u00e9 n\u00e1dhern\u00fd v\u00fdhled na St\u0159edozemn\u00ed mo\u0159e.<\/li>\n<li><strong>trhy v Mijas<\/strong> \u2013 Prozkoumejte m\u00edstn\u00ed trhy, kde najdete v\u0161e od \u010derstv\u00fdch produkt\u016f po ru\u010dn\u011b vyr\u00e1b\u011bn\u00e9 suven\u00fdry. Za n\u00e1v\u0161t\u011bvu ur\u010dit\u011b stoj\u00ed trh v La Cala de Mijas, kter\u00fd se kon\u00e1 ka\u017edou st\u0159edu a sobotu.<\/li>\n<\/ul>\n<p>D\u00edky t\u011bmto aktivit\u00e1m a atrakc\u00edm hned za rohem pro\u017eijete vy, va\u0161e rodina, p\u0159\u00e1tel\u00e9 nebo host\u00e9 nezapomenuteln\u00fd \u010das v Mijas a okoln\u00edm regionu, a\u0165 u\u017e hled\u00e1te odpo\u010dinek, dobrodru\u017estv\u00ed, kulturu nebo kulin\u00e1\u0159sk\u00e9 z\u00e1\u017eitky.<\/p>\n\n\t\t<\/div>\n\t<\/div>\n\n\t\t<\/div>\n\t<\/div>\n\t<\/div>\n\n<\/div>\n<\/div>\n\n<div  class=\"content_row row room-list vc_row wpb_row  default-style fullwidth\" >\n\t\n\t<div class=\"content_row_wrapper  fullwidth\" >\n\t<div id=\"asdasd\" class=\"vc_col-sm-12 wpb_column vc_column_container\" >\n\t<div class=\"vc_column-inner\">\n\t\t<div class=\"wpb_wrapper\" >\n\t\t\t<div class=\"button_wrapper aligncenter\"><a  href=\"\" target=\"_self\" title=\"&gt; vy\u017e\u00e1dat si informa\u010dn\u00ed bal\u00ed\u010dek\" class=\"button_  style-2 small\">&gt; vy\u017e\u00e1dat si informa\u010dn\u00ed bal\u00ed\u010dek<\/a><\/div><div class=\"vc_separator wpb_content_element vc_separator_align_center vc_sep_width_100 vc_sep_style-6 vc_sep_pos_align_center vc_separator_no_text vc_sep_color_grey\" ><span class=\"vc_sep_holder vc_sep_holder_l\"><span class=\"vc_sep_line\"><\/span><\/span><span class=\"vc_sep_holder vc_sep_holder_r\"><span class=\"vc_sep_line\"><\/span><\/span>\n<\/div><div class=\"google_map_holder\" data-height=\"300\" data-scope=\"#map-951791\" data-bw=\"\">\n\n\t\t\t<div id=\"map-951791\" class=\"google_map\"><\/div>\n\t\t\t<script type=\"text\/javascript\">\n\t\t\t \/* <![CDATA[ *\/ \n\t\t\t\t\/\/ Runs google maps\t\n\t\t\t\t\tjQuery(function() {\n\t\t\t\t\t\tjQuery(\"#map-951791\").rt_maps([[\"Savia - Mijas\", 36.520775, -4.652748, 4,\"Savia Mijas &#8211; M\u00e1laga &#8211; Spain\"],],10); \n\t\t\t\t\t});\n\t\t\t\/* ]]> *\/\t\n\t\t\t<\/script>\n\n\t\t<\/div><div class=\"vc_empty_space\"   style=\"height: 90px\"><span class=\"vc_empty_space_inner\"><\/span><\/div><div class=\"rt_quote\"  >\n\t\t\t\t\t\t\t<p>\n\t\t\t\t\t\t\t\t<span class=\"icon-quote-left\"><\/span>\n\t\t\t\t\t\t\t\t<\/p>\n<p id=\"tw-target-text\" class=\"tw-data-text tw-text-large tw-ta\" dir=\"ltr\" data-placeholder=\"Vertaling\" data-ved=\"2ahUKEwjrwKua7ISEAxXezgIHHeULBkAQ3ewLegQIBRAQ\"><span class=\"Y2IQFc\" lang=\"nl\">M\u00edsto, kde si u\u017eijete okol\u00ed, klid, \u017eivot okoln\u00edch m\u011bst a vesnic a exkluzivitu jedine\u010dn\u00e9 enkl\u00e1vy.<\/span><\/p>\n<p>\n\t\t\t\t\t\t\t\t<span class=\"icon-quote-right\"><\/span>\n\t\t\t\t\t\t\t<\/p>\n\t\t\t\t\t\t\t\n\t\t\t\t\t<\/div>\n\t\t<\/div>\n\t<\/div>\n\t<\/div>\n\n<\/div>\n<\/div>\n\n<div  class=\"content_row row vc_row wpb_row  default-style fullwidth\" >\n\t\n\t<div class=\"content_row_wrapper  default\" >\n\t<div id=\"asdasd\" class=\"vc_col-sm-12 wpb_column vc_column_container\" >\n\t<div class=\"vc_column-inner\">\n\t\t<div class=\"wpb_wrapper\" >\n\t\t\t\n\t\t<div  class=\"info_box margin-b20 clearfix announcement announcement\" data-rt-animate=\"animate\" data-rt-animation-type=\"fadeInDown\" data-rt-animation-group=\"single\">\n\t\t\t<span class=\"icon-cancel\"><\/span>\n\t\t\t<p class=\"icon-megaphone-1\">\n\t\t\t\t<\/p>\n<ul>\n<li>Leti\u0161t\u011b (50\u2013100 km)<\/li>\n<li>Pl\u00e1\u017e (3 km)<\/li>\n<li>Mo\u0159e (3 km)<\/li>\n<li>Mo\u0159e a pl\u00e1\u017e p\u00e1r minut autem<\/li>\n<li>Pohled na kopce<\/li>\n<li>V\u00fdhled na m\u011bsto<\/li>\n<li>MHD<\/li>\n<li>Obchody\/n\u00e1kupn\u00ed centrum v doch\u00e1zkov\u00e9 vzd\u00e1lenosti<\/li>\n<li>Bary\/restaurace v doch\u00e1zkov\u00e9 vzd\u00e1lenosti<\/li>\n<\/ul>\n<p>\n\t\t\t<\/p>\n\t\t<\/div>\n\t\n\t\t<\/div>\n\t<\/div>\n\t<\/div>\n\n<\/div>\n<\/div>\n<\/section>","protected":false},"excerpt":{"rendered":"<p>\u2026 <a class=\"more-link\" href=\"https:\/\/savia-mijas.com\/cs\/umisteni\/\">pokra\u010dovat ve \u010dten\u00ed<\/a><\/p>","protected":false},"author":1,"featured_media":4573,"parent":0,"menu_order":5,"comment_status":"closed","ping_status":"closed","template":"","meta":{"footnotes":""},"class_list":["post-97","page","type-page","status-publish","has-post-thumbnail","hentry"],"yoast_head":"<!-- This site is optimized with the Yoast SEO plugin v26.0 - https:\/\/yoast.com\/wordpress\/plugins\/seo\/ -->\n<title>Locatie - SAVIA II - MIJAS<\/title>\n<meta name=\"robots\" content=\"index, follow, max-snippet:-1, max-image-preview:large, max-video-preview:-1\" \/>\n<link rel=\"canonical\" href=\"https:\/\/savia-mijas.com\/cs\/umisteni\/\" \/>\n<meta property=\"og:locale\" content=\"cs_CZ\" \/>\n<meta property=\"og:type\" content=\"article\" \/>\n<meta property=\"og:title\" content=\"Locatie - SAVIA II - MIJAS\" \/>\n<meta property=\"og:url\" content=\"https:\/\/savia-mijas.com\/cs\/umisteni\/\" \/>\n<meta property=\"og:site_name\" content=\"SAVIA II - MIJAS\" \/>\n<meta property=\"article:modified_time\" content=\"2025-07-18T08:43:32+00:00\" \/>\n<meta property=\"og:image\" content=\"https:\/\/savia-mijas.com\/wp-content\/uploads\/sites\/43\/2024\/04\/savia_complex.jpg\" \/>\n\t<meta property=\"og:image:width\" content=\"1920\" \/>\n\t<meta property=\"og:image:height\" content=\"1350\" \/>\n\t<meta property=\"og:image:type\" content=\"image\/jpeg\" \/>\n<meta name=\"twitter:card\" content=\"summary_large_image\" \/>\n<meta name=\"twitter:label1\" content=\"Odhadovan\u00e1 doba \u010dten\u00ed\" \/>\n\t<meta name=\"twitter:data1\" content=\"5 minut\" \/>\n<script type=\"application\/ld+json\" class=\"yoast-schema-graph\">{\"@context\":\"https:\/\/schema.org\",\"@graph\":[{\"@type\":\"WebPage\",\"@id\":\"https:\/\/savia-mijas.com\/locatie\/\",\"url\":\"https:\/\/savia-mijas.com\/locatie\/\",\"name\":\"Locatie - SAVIA II - MIJAS\",\"isPartOf\":{\"@id\":\"https:\/\/savia-mijas.com\/#website\"},\"primaryImageOfPage\":{\"@id\":\"https:\/\/savia-mijas.com\/locatie\/#primaryimage\"},\"image\":{\"@id\":\"https:\/\/savia-mijas.com\/locatie\/#primaryimage\"},\"thumbnailUrl\":\"https:\/\/savia-mijas.com\/wp-content\/uploads\/sites\/43\/2024\/04\/savia_complex.jpg\",\"datePublished\":\"2022-01-27T10:58:35+00:00\",\"dateModified\":\"2025-07-18T08:43:32+00:00\",\"breadcrumb\":{\"@id\":\"https:\/\/savia-mijas.com\/locatie\/#breadcrumb\"},\"inLanguage\":\"cs\",\"potentialAction\":[{\"@type\":\"ReadAction\",\"target\":[\"https:\/\/savia-mijas.com\/locatie\/\"]}]},{\"@type\":\"ImageObject\",\"inLanguage\":\"cs\",\"@id\":\"https:\/\/savia-mijas.com\/locatie\/#primaryimage\",\"url\":\"https:\/\/savia-mijas.com\/wp-content\/uploads\/sites\/43\/2024\/04\/savia_complex.jpg\",\"contentUrl\":\"https:\/\/savia-mijas.com\/wp-content\/uploads\/sites\/43\/2024\/04\/savia_complex.jpg\",\"width\":1920,\"height\":1350},{\"@type\":\"BreadcrumbList\",\"@id\":\"https:\/\/savia-mijas.com\/locatie\/#breadcrumb\",\"itemListElement\":[{\"@type\":\"ListItem\",\"position\":1,\"name\":\"Home\",\"item\":\"https:\/\/savia-mijas.com\/\"},{\"@type\":\"ListItem\",\"position\":2,\"name\":\"Locatie\"}]},{\"@type\":\"WebSite\",\"@id\":\"https:\/\/savia-mijas.com\/#website\",\"url\":\"https:\/\/savia-mijas.com\/\",\"name\":\"SAVIA II - MIJAS\",\"description\":\"Een evenwicht tussen architectuur en natuur\",\"potentialAction\":[{\"@type\":\"SearchAction\",\"target\":{\"@type\":\"EntryPoint\",\"urlTemplate\":\"https:\/\/savia-mijas.com\/?s={search_term_string}\"},\"query-input\":{\"@type\":\"PropertyValueSpecification\",\"valueRequired\":true,\"valueName\":\"search_term_string\"}}],\"inLanguage\":\"cs\"}]}<\/script>\n<!-- \/ Yoast SEO plugin. -->","yoast_head_json":{"title":"Lokalita - SAVIA II - MIJAS","robots":{"index":"index","follow":"follow","max-snippet":"max-snippet:-1","max-image-preview":"max-image-preview:large","max-video-preview":"max-video-preview:-1"},"canonical":"https:\/\/savia-mijas.com\/cs\/umisteni\/","og_locale":"cs_CZ","og_type":"article","og_title":"Locatie - SAVIA II - MIJAS","og_url":"https:\/\/savia-mijas.com\/cs\/umisteni\/","og_site_name":"SAVIA II - MIJAS","article_modified_time":"2025-07-18T08:43:32+00:00","og_image":[{"width":1920,"height":1350,"url":"https:\/\/savia-mijas.com\/wp-content\/uploads\/sites\/43\/2024\/04\/savia_complex.jpg","type":"image\/jpeg"}],"twitter_card":"summary_large_image","twitter_misc":{"Odhadovan\u00e1 doba \u010dten\u00ed":"5 minut"},"schema":{"@context":"https:\/\/schema.org","@graph":[{"@type":"WebPage","@id":"https:\/\/savia-mijas.com\/locatie\/","url":"https:\/\/savia-mijas.com\/locatie\/","name":"Lokalita - SAVIA II - MIJAS","isPartOf":{"@id":"https:\/\/savia-mijas.com\/#website"},"primaryImageOfPage":{"@id":"https:\/\/savia-mijas.com\/locatie\/#primaryimage"},"image":{"@id":"https:\/\/savia-mijas.com\/locatie\/#primaryimage"},"thumbnailUrl":"https:\/\/savia-mijas.com\/wp-content\/uploads\/sites\/43\/2024\/04\/savia_complex.jpg","datePublished":"2022-01-27T10:58:35+00:00","dateModified":"2025-07-18T08:43:32+00:00","breadcrumb":{"@id":"https:\/\/savia-mijas.com\/locatie\/#breadcrumb"},"inLanguage":"cs","potentialAction":[{"@type":"ReadAction","target":["https:\/\/savia-mijas.com\/locatie\/"]}]},{"@type":"ImageObject","inLanguage":"cs","@id":"https:\/\/savia-mijas.com\/locatie\/#primaryimage","url":"https:\/\/savia-mijas.com\/wp-content\/uploads\/sites\/43\/2024\/04\/savia_complex.jpg","contentUrl":"https:\/\/savia-mijas.com\/wp-content\/uploads\/sites\/43\/2024\/04\/savia_complex.jpg","width":1920,"height":1350},{"@type":"BreadcrumbList","@id":"https:\/\/savia-mijas.com\/locatie\/#breadcrumb","itemListElement":[{"@type":"ListItem","position":1,"name":"Home","item":"https:\/\/savia-mijas.com\/"},{"@type":"ListItem","position":2,"name":"Locatie"}]},{"@type":"WebSite","@id":"https:\/\/savia-mijas.com\/#website","url":"https:\/\/savia-mijas.com\/","name":"SAVIA II - MIJAS","description":"Rovnov\u00e1ha mezi architekturou a p\u0159\u00edrodou","potentialAction":[{"@type":"SearchAction","target":{"@type":"EntryPoint","urlTemplate":"https:\/\/savia-mijas.com\/?s={search_term_string}"},"query-input":{"@type":"PropertyValueSpecification","valueRequired":true,"valueName":"search_term_string"}}],"inLanguage":"cs"}]}},"_links":{"self":[{"href":"https:\/\/savia-mijas.com\/cs\/wp-json\/wp\/v2\/pages\/97","targetHints":{"allow":["GET"]}}],"collection":[{"href":"https:\/\/savia-mijas.com\/cs\/wp-json\/wp\/v2\/pages"}],"about":[{"href":"https:\/\/savia-mijas.com\/cs\/wp-json\/wp\/v2\/types\/page"}],"author":[{"embeddable":true,"href":"https:\/\/savia-mijas.com\/cs\/wp-json\/wp\/v2\/users\/1"}],"replies":[{"embeddable":true,"href":"https:\/\/savia-mijas.com\/cs\/wp-json\/wp\/v2\/comments?post=97"}],"version-history":[{"count":45,"href":"https:\/\/savia-mijas.com\/cs\/wp-json\/wp\/v2\/pages\/97\/revisions"}],"predecessor-version":[{"id":4653,"href":"https:\/\/savia-mijas.com\/cs\/wp-json\/wp\/v2\/pages\/97\/revisions\/4653"}],"wp:featuredmedia":[{"embeddable":true,"href":"https:\/\/savia-mijas.com\/cs\/wp-json\/wp\/v2\/media\/4573"}],"wp:attachment":[{"href":"https:\/\/savia-mijas.com\/cs\/wp-json\/wp\/v2\/media?parent=97"}],"curies":[{"name":"wp","href":"https:\/\/api.w.org\/{rel}","templated":true}]}}