{"id":97,"date":"2022-01-27T10:58:35","date_gmt":"2022-01-27T10:58:35","guid":{"rendered":"http:\/\/cognito.mprinsdesign.nl\/?page_id=97"},"modified":"2025-07-18T08:43:32","modified_gmt":"2025-07-18T08:43:32","slug":"ubicacion","status":"publish","type":"page","link":"https:\/\/savia-mijas.com\/es\/ubicacion\/","title":{"rendered":"Ubicaci\u00f3n"},"content":{"rendered":"<section class=\"wpb-content-wrapper\"><div  class=\"content_row row page-content vc_row wpb_row  default-style fullwidth\" >\n\t\n\t<div class=\"content_row_wrapper  default\" >\n\t<div id=\"asdasd\" class=\"vc_col-sm-12 wpb_column vc_column_container\" >\n\t<div class=\"vc_column-inner\">\n\t\t<div class=\"wpb_wrapper\" >\n\t\t\t<div class=\"rt_heading_wrapper no-style\">\n\t\t\t\t\t\t<h1 class=\"rt_heading  no-style\"  style=\"font-size:24px;margin-top:24px;margin-bottom:0px;\">Ubicaci\u00f3n - <span class=\"after_h1\">Savia Mijas<\/span><\/h1> \n\t\t\t\t\t<\/div><div class=\"vc_empty_space\"   style=\"height: 32px\"><span class=\"vc_empty_space_inner\"><\/span><\/div>\n\t<div class=\"wpb_text_column wpb_content_element\" >\n\t\t<div class=\"wpb_wrapper\">\n\t\t\t<p><strong>En la Costa del Sol, en la nueva urbanizaci\u00f3n Hip\u00f3dromo Mijas, barrio Savia de Mijas es donde se est\u00e1 trabajando en el nuevo proyecto de construcci\u00f3n SAVIA MIJAS.<\/strong><strong> La regi\u00f3n de Mijas es una zona encantadora con urbanizaciones de prestigio, villas exclusivas, clubes, campos de golf, etc. Es una zona a la vez residencial y tur\u00edstica, cuya popularidad ha ido creciendo debido a su ubicaci\u00f3n estrat\u00e9gica, sus servicios y su atractivo. <\/strong><strong>Entorno con parajes naturales, la senda costera, 14 kil\u00f3metros de playa, la monta\u00f1a e importantes infraestructuras con todo lo que lo rodea. Mijas es un pueblo con encanto considerado uno de los mejores destinos de Europa por varios motivos: su clima, su gastronom\u00eda, su ubicaci\u00f3n, a poca distancia de Marbella, Sotogrande y Gibraltar, y su f\u00e1cil acceso a trav\u00e9s de la AP7 y el aeropuerto de M\u00e1laga, que est\u00e1 a s\u00f3lo 35 kil\u00f3metros de distancia.<\/strong><\/p>\n<p>Siempre hay algo que hacer en la Costa del Sol con su maravillosa temperatura, hermosas playas y muchos lugares de inter\u00e9s. Gracias a la buena infraestructura, todo es f\u00e1cilmente accesible. En resumen, esta regi\u00f3n ofrece una rica combinaci\u00f3n de relajaci\u00f3n, aventura y experiencias culturales, lo que la convierte en un destino ideal tanto para turistas como para residentes.<\/p>\n\n\t\t<\/div>\n\t<\/div>\n\n\t<div  class=\"wpb_single_image wpb_content_element vc_align_center\">\n\t\t\n\t\t<figure class=\"wpb_wrapper vc_figure\">\n\t\t\t<div class=\"vc_single_image-wrapper   vc_box_border_grey\"><img fetchpriority=\"high\" decoding=\"async\" width=\"1200\" height=\"800\" src=\"https:\/\/savia-mijas.com\/wp-content\/uploads\/sites\/43\/2025\/07\/savia2maplr.jpg\" class=\"vc_single_image-img attachment-full\" alt=\"Ubicaci\u00f3n de Savia II\" title=\"savia2maplr\" srcset=\"https:\/\/savia-mijas.com\/wp-content\/uploads\/sites\/43\/2025\/07\/savia2maplr.jpg 1200w, https:\/\/savia-mijas.com\/wp-content\/uploads\/sites\/43\/2025\/07\/savia2maplr-300x200.jpg 300w, https:\/\/savia-mijas.com\/wp-content\/uploads\/sites\/43\/2025\/07\/savia2maplr-1024x683.jpg 1024w, https:\/\/savia-mijas.com\/wp-content\/uploads\/sites\/43\/2025\/07\/savia2maplr-768x512.jpg 768w, https:\/\/savia-mijas.com\/wp-content\/uploads\/sites\/43\/2025\/07\/savia2maplr-18x12.jpg 18w\" sizes=\"(max-width: 1200px) 100vw, 1200px\" \/><\/div>\n\t\t<\/figure>\n\t<\/div>\n<div class=\"button_wrapper aligncenter\"><a  href=\"\" target=\"_self\" title=\"&gt; solicitar paquete de informaci\u00f3n\" class=\"button_  style-2 small\">&gt; solicitar paquete de informaci\u00f3n<\/a><\/div><div class=\"vc_separator wpb_content_element vc_separator_align_center vc_sep_width_100 vc_sep_style-6 vc_sep_pos_align_center vc_separator_no_text vc_sep_color_grey\" ><span class=\"vc_sep_holder vc_sep_holder_l\"><span class=\"vc_sep_line\"><\/span><\/span><span class=\"vc_sep_holder vc_sep_holder_r\"><span class=\"vc_sep_line\"><\/span><\/span>\n<\/div>\n\t<div class=\"wpb_text_column wpb_content_element\" >\n\t\t<div class=\"wpb_wrapper\">\n\t\t\t<p>Desde el complejo Savia Mijas Mijas tambi\u00e9n hay mucho que descubrir en las inmediaciones. Aqu\u00ed hay algunas actividades y lugares que no debes perderte, todos a pie, en bicicleta o en un corto trayecto en auto:<\/p>\n<ul>\n<li><strong>Pueblo de Mijas<\/strong>: Un encantador pueblo blanco en la monta\u00f1a con calles estrechas, arquitectura tradicional andaluza y vistas espectaculares de la costa.<\/li>\n<li><strong>Castillo de Colomares<\/strong>: Un impresionante monumento en Benalm\u00e1dena, dedicado al descubrimiento de Am\u00e9rica por Col\u00f3n. Es una mezcla \u00fanica de estilos arquitect\u00f3nicos.<\/li>\n<li><strong>Opciones deportivas<\/strong><br \/>\n<em>Campos de golf<\/em>: La regi\u00f3n es famosa por sus campos de golf, como Mijas Golf y Santana Golf, que ofrecen excelentes instalaciones para los amantes del golf.<br \/>\n<em>deportes acu\u00e1ticos<\/em>: En las playas cercanas podr\u00e1s disfrutar de actividades como windsurf, kayak y paddle surf.<\/li>\n<li>Opciones de entretenimiento<br \/>\n<em>Fuengirola<\/em>: Conocido por su vibrante vida nocturna con numerosos bares, discotecas y opciones de m\u00fasica en vivo.<br \/>\n<em>La Cala de Mijas<\/em>: Un acogedor balneario con un ambiente relajado, donde podr\u00e1 disfrutar de chiringuitos y paseos nocturnos por el paseo mar\u00edtimo.<\/li>\n<li>Opciones culinarias<br \/>\n<em>Restaurantes locales<\/em>: Disfrute de la cocina andaluza en los bares de tapas y restaurantes de mariscos locales. Pruebe platos como la paella, el gazpacho y el marisco fresco.<br \/>\n<em>Chiringuitos<\/em>: Restaurantes de playa donde disfrutar de platos de pescado fresco junto al mar.<br \/>\nOportunidades culturales<br \/>\n<em>Museo Hist\u00f3rico-Etnol\u00f3gico de Mijas<\/em>: Un museo que ofrece una visi\u00f3n de la historia y las tradiciones locales de Mijas.<br \/>\n<em>Espect\u00e1culos Flamencos<\/em>: Experimente la pasi\u00f3n de la cultura espa\u00f1ola con un espect\u00e1culo de flamenco tradicional en uno de los teatros o bares locales.<\/li>\n<li>prueba el <strong>gastronom\u00eda local<\/strong> \u2013 La cocina andaluza es rica y variada. Disfrute de las especialidades locales como el gazpacho, los espetos (brochetas de sardinas) y el vino dulce de la regi\u00f3n. Hay multitud de restaurantes y bares de tapas en la zona donde poder disfrutar de estas delicias.<\/li>\n<li><strong>en bicicleta por la Riviera del Sol<\/strong> \u2013 Coge tu bicicleta y explora la hermosa costa de la Riviera del Sol. La ruta ofrece preciosas vistas y acogedores chiringuitos en la playa donde parar a tomar un refresco.<\/li>\n<li>visitarla <strong>Castillo Sohail<\/strong> (Fuengirola) \u2013 Situado a poca distancia de Calahonda, este hist\u00f3rico castillo ofrece no s\u00f3lo una historia interesante sino tambi\u00e9n unas vistas espectaculares sobre el mar Mediterr\u00e1neo.<\/li>\n<li><strong>mercados de mijas<\/strong> \u2013 Explora los mercados locales donde podr\u00e1s encontrar de todo, desde productos frescos hasta souvenirs hechos a mano. Definitivamente merece una visita el mercado de La Cala de Mijas, que tiene lugar todos los mi\u00e9rcoles y s\u00e1bados.<\/li>\n<\/ul>\n<p>Con estas actividades y atracciones a la vuelta de la esquina, t\u00fa, tu familia, amigos o invitados pasar\u00e9is un rato inolvidable en Mijas y la regi\u00f3n circundante, ya sea que busqu\u00e9is relajaci\u00f3n, aventura, cultura o experiencias culinarias.<\/p>\n\n\t\t<\/div>\n\t<\/div>\n\n\t\t<\/div>\n\t<\/div>\n\t<\/div>\n\n<\/div>\n<\/div>\n\n<div  class=\"content_row row room-list vc_row wpb_row  default-style fullwidth\" >\n\t\n\t<div class=\"content_row_wrapper  fullwidth\" >\n\t<div id=\"asdasd\" class=\"vc_col-sm-12 wpb_column vc_column_container\" >\n\t<div class=\"vc_column-inner\">\n\t\t<div class=\"wpb_wrapper\" >\n\t\t\t<div class=\"button_wrapper aligncenter\"><a  href=\"\" target=\"_self\" title=\"&gt; solicitar paquete de informaci\u00f3n\" class=\"button_  style-2 small\">&gt; solicitar paquete de informaci\u00f3n<\/a><\/div><div class=\"vc_separator wpb_content_element vc_separator_align_center vc_sep_width_100 vc_sep_style-6 vc_sep_pos_align_center vc_separator_no_text vc_sep_color_grey\" ><span class=\"vc_sep_holder vc_sep_holder_l\"><span class=\"vc_sep_line\"><\/span><\/span><span class=\"vc_sep_holder vc_sep_holder_r\"><span class=\"vc_sep_line\"><\/span><\/span>\n<\/div><div class=\"google_map_holder\" data-height=\"300\" data-scope=\"#map-662915\" data-bw=\"\">\n\n\t\t\t<div id=\"map-662915\" class=\"google_map\"><\/div>\n\t\t\t<script type=\"text\/javascript\">\n\t\t\t \/* <![CDATA[ *\/ \n\t\t\t\t\/\/ Runs google maps\t\n\t\t\t\t\tjQuery(function() {\n\t\t\t\t\t\tjQuery(\"#map-662915\").rt_maps([[\"Savia - Mijas\", 36.520775, -4.652748, 4,\"Savia Mijas &#8211; M\u00e1laga &#8211; Spain\"],],10); \n\t\t\t\t\t});\n\t\t\t\/* ]]> *\/\t\n\t\t\t<\/script>\n\n\t\t<\/div><div class=\"vc_empty_space\"   style=\"height: 90px\"><span class=\"vc_empty_space_inner\"><\/span><\/div><div class=\"rt_quote\"  >\n\t\t\t\t\t\t\t<p>\n\t\t\t\t\t\t\t\t<span class=\"icon-quote-left\"><\/span>\n\t\t\t\t\t\t\t\t<\/p>\n<p id=\"tw-target-text\" class=\"tw-data-text tw-text-large tw-ta\" dir=\"ltr\" data-placeholder=\"Vertaling\" data-ved=\"2ahUKEwjrwKua7ISEAxXezgIHHeULBkAQ3ewLegQIBRAQ\"><span class=\"Y2IQFc\" lang=\"nl\">Un lugar para disfrutar del entorno, la tranquilidad, la vida de los pueblos cercanos y la exclusividad de un enclave \u00fanico.<\/span><\/p>\n<p>\n\t\t\t\t\t\t\t\t<span class=\"icon-quote-right\"><\/span>\n\t\t\t\t\t\t\t<\/p>\n\t\t\t\t\t\t\t\n\t\t\t\t\t<\/div>\n\t\t<\/div>\n\t<\/div>\n\t<\/div>\n\n<\/div>\n<\/div>\n\n<div  class=\"content_row row vc_row wpb_row  default-style fullwidth\" >\n\t\n\t<div class=\"content_row_wrapper  default\" >\n\t<div id=\"asdasd\" class=\"vc_col-sm-12 wpb_column vc_column_container\" >\n\t<div class=\"vc_column-inner\">\n\t\t<div class=\"wpb_wrapper\" >\n\t\t\t\n\t\t<div  class=\"info_box margin-b20 clearfix announcement announcement\" data-rt-animate=\"animate\" data-rt-animation-type=\"fadeInDown\" data-rt-animation-group=\"single\">\n\t\t\t<span class=\"icon-cancel\"><\/span>\n\t\t\t<p class=\"icon-megaphone-1\">\n\t\t\t\t<\/p>\n<ul>\n<li>Aeropuerto (50-100 km)<\/li>\n<li>Playa (3 kil\u00f3metros)<\/li>\n<li>Mar (3 km)<\/li>\n<li>Mar y playa a pocos minutos en coche.<\/li>\n<li>vista de las colinas<\/li>\n<li>Vista de la ciudad<\/li>\n<li>Transporte p\u00fablico<\/li>\n<li>Tiendas\/centro comercial a poca distancia<\/li>\n<li>Bares\/Restaurantes a poca distancia<\/li>\n<\/ul>\n<p>\n\t\t\t<\/p>\n\t\t<\/div>\n\t\n\t\t<\/div>\n\t<\/div>\n\t<\/div>\n\n<\/div>\n<\/div>\n<\/section>","protected":false},"excerpt":{"rendered":"<p>\u2026 <a class=\"more-link\" href=\"https:\/\/savia-mijas.com\/es\/ubicacion\/\">sigue leyendo<\/a><\/p>","protected":false},"author":1,"featured_media":4573,"parent":0,"menu_order":5,"comment_status":"closed","ping_status":"closed","template":"","meta":{"footnotes":""},"class_list":["post-97","page","type-page","status-publish","has-post-thumbnail","hentry"],"yoast_head":"<!-- This site is optimized with the Yoast SEO plugin v26.0 - https:\/\/yoast.com\/wordpress\/plugins\/seo\/ -->\n<title>Locatie - SAVIA II - MIJAS<\/title>\n<meta name=\"robots\" content=\"index, follow, max-snippet:-1, max-image-preview:large, max-video-preview:-1\" \/>\n<link rel=\"canonical\" href=\"https:\/\/savia-mijas.com\/es\/ubicacion\/\" \/>\n<meta property=\"og:locale\" content=\"es_ES\" \/>\n<meta property=\"og:type\" content=\"article\" \/>\n<meta property=\"og:title\" content=\"Locatie - SAVIA II - MIJAS\" \/>\n<meta property=\"og:url\" content=\"https:\/\/savia-mijas.com\/es\/ubicacion\/\" \/>\n<meta property=\"og:site_name\" content=\"SAVIA II - MIJAS\" \/>\n<meta property=\"article:modified_time\" content=\"2025-07-18T08:43:32+00:00\" \/>\n<meta property=\"og:image\" content=\"https:\/\/savia-mijas.com\/wp-content\/uploads\/sites\/43\/2024\/04\/savia_complex.jpg\" \/>\n\t<meta property=\"og:image:width\" content=\"1920\" \/>\n\t<meta property=\"og:image:height\" content=\"1350\" \/>\n\t<meta property=\"og:image:type\" content=\"image\/jpeg\" \/>\n<meta name=\"twitter:card\" content=\"summary_large_image\" \/>\n<meta name=\"twitter:label1\" content=\"Tiempo de lectura\" \/>\n\t<meta name=\"twitter:data1\" content=\"5 minutos\" \/>\n<script type=\"application\/ld+json\" class=\"yoast-schema-graph\">{\"@context\":\"https:\/\/schema.org\",\"@graph\":[{\"@type\":\"WebPage\",\"@id\":\"https:\/\/savia-mijas.com\/locatie\/\",\"url\":\"https:\/\/savia-mijas.com\/locatie\/\",\"name\":\"Locatie - SAVIA II - MIJAS\",\"isPartOf\":{\"@id\":\"https:\/\/savia-mijas.com\/#website\"},\"primaryImageOfPage\":{\"@id\":\"https:\/\/savia-mijas.com\/locatie\/#primaryimage\"},\"image\":{\"@id\":\"https:\/\/savia-mijas.com\/locatie\/#primaryimage\"},\"thumbnailUrl\":\"https:\/\/savia-mijas.com\/wp-content\/uploads\/sites\/43\/2024\/04\/savia_complex.jpg\",\"datePublished\":\"2022-01-27T10:58:35+00:00\",\"dateModified\":\"2025-07-18T08:43:32+00:00\",\"breadcrumb\":{\"@id\":\"https:\/\/savia-mijas.com\/locatie\/#breadcrumb\"},\"inLanguage\":\"es\",\"potentialAction\":[{\"@type\":\"ReadAction\",\"target\":[\"https:\/\/savia-mijas.com\/locatie\/\"]}]},{\"@type\":\"ImageObject\",\"inLanguage\":\"es\",\"@id\":\"https:\/\/savia-mijas.com\/locatie\/#primaryimage\",\"url\":\"https:\/\/savia-mijas.com\/wp-content\/uploads\/sites\/43\/2024\/04\/savia_complex.jpg\",\"contentUrl\":\"https:\/\/savia-mijas.com\/wp-content\/uploads\/sites\/43\/2024\/04\/savia_complex.jpg\",\"width\":1920,\"height\":1350},{\"@type\":\"BreadcrumbList\",\"@id\":\"https:\/\/savia-mijas.com\/locatie\/#breadcrumb\",\"itemListElement\":[{\"@type\":\"ListItem\",\"position\":1,\"name\":\"Home\",\"item\":\"https:\/\/savia-mijas.com\/\"},{\"@type\":\"ListItem\",\"position\":2,\"name\":\"Locatie\"}]},{\"@type\":\"WebSite\",\"@id\":\"https:\/\/savia-mijas.com\/#website\",\"url\":\"https:\/\/savia-mijas.com\/\",\"name\":\"SAVIA II - MIJAS\",\"description\":\"Een evenwicht tussen architectuur en natuur\",\"potentialAction\":[{\"@type\":\"SearchAction\",\"target\":{\"@type\":\"EntryPoint\",\"urlTemplate\":\"https:\/\/savia-mijas.com\/?s={search_term_string}\"},\"query-input\":{\"@type\":\"PropertyValueSpecification\",\"valueRequired\":true,\"valueName\":\"search_term_string\"}}],\"inLanguage\":\"es\"}]}<\/script>\n<!-- \/ Yoast SEO plugin. -->","yoast_head_json":{"title":"Ubicaci\u00f3n - SAVIA II - MIJAS","robots":{"index":"index","follow":"follow","max-snippet":"max-snippet:-1","max-image-preview":"max-image-preview:large","max-video-preview":"max-video-preview:-1"},"canonical":"https:\/\/savia-mijas.com\/es\/ubicacion\/","og_locale":"es_ES","og_type":"article","og_title":"Locatie - SAVIA II - MIJAS","og_url":"https:\/\/savia-mijas.com\/es\/ubicacion\/","og_site_name":"SAVIA II - MIJAS","article_modified_time":"2025-07-18T08:43:32+00:00","og_image":[{"width":1920,"height":1350,"url":"https:\/\/savia-mijas.com\/wp-content\/uploads\/sites\/43\/2024\/04\/savia_complex.jpg","type":"image\/jpeg"}],"twitter_card":"summary_large_image","twitter_misc":{"Tiempo de lectura":"5 minutos"},"schema":{"@context":"https:\/\/schema.org","@graph":[{"@type":"WebPage","@id":"https:\/\/savia-mijas.com\/locatie\/","url":"https:\/\/savia-mijas.com\/locatie\/","name":"Ubicaci\u00f3n - SAVIA II - MIJAS","isPartOf":{"@id":"https:\/\/savia-mijas.com\/#website"},"primaryImageOfPage":{"@id":"https:\/\/savia-mijas.com\/locatie\/#primaryimage"},"image":{"@id":"https:\/\/savia-mijas.com\/locatie\/#primaryimage"},"thumbnailUrl":"https:\/\/savia-mijas.com\/wp-content\/uploads\/sites\/43\/2024\/04\/savia_complex.jpg","datePublished":"2022-01-27T10:58:35+00:00","dateModified":"2025-07-18T08:43:32+00:00","breadcrumb":{"@id":"https:\/\/savia-mijas.com\/locatie\/#breadcrumb"},"inLanguage":"es","potentialAction":[{"@type":"ReadAction","target":["https:\/\/savia-mijas.com\/locatie\/"]}]},{"@type":"ImageObject","inLanguage":"es","@id":"https:\/\/savia-mijas.com\/locatie\/#primaryimage","url":"https:\/\/savia-mijas.com\/wp-content\/uploads\/sites\/43\/2024\/04\/savia_complex.jpg","contentUrl":"https:\/\/savia-mijas.com\/wp-content\/uploads\/sites\/43\/2024\/04\/savia_complex.jpg","width":1920,"height":1350},{"@type":"BreadcrumbList","@id":"https:\/\/savia-mijas.com\/locatie\/#breadcrumb","itemListElement":[{"@type":"ListItem","position":1,"name":"Home","item":"https:\/\/savia-mijas.com\/"},{"@type":"ListItem","position":2,"name":"Locatie"}]},{"@type":"WebSite","@id":"https:\/\/savia-mijas.com\/#website","url":"https:\/\/savia-mijas.com\/","name":"SAVIA II - MIJAS","description":"Un equilibrio entre arquitectura y naturaleza.","potentialAction":[{"@type":"SearchAction","target":{"@type":"EntryPoint","urlTemplate":"https:\/\/savia-mijas.com\/?s={search_term_string}"},"query-input":{"@type":"PropertyValueSpecification","valueRequired":true,"valueName":"search_term_string"}}],"inLanguage":"es"}]}},"_links":{"self":[{"href":"https:\/\/savia-mijas.com\/es\/wp-json\/wp\/v2\/pages\/97","targetHints":{"allow":["GET"]}}],"collection":[{"href":"https:\/\/savia-mijas.com\/es\/wp-json\/wp\/v2\/pages"}],"about":[{"href":"https:\/\/savia-mijas.com\/es\/wp-json\/wp\/v2\/types\/page"}],"author":[{"embeddable":true,"href":"https:\/\/savia-mijas.com\/es\/wp-json\/wp\/v2\/users\/1"}],"replies":[{"embeddable":true,"href":"https:\/\/savia-mijas.com\/es\/wp-json\/wp\/v2\/comments?post=97"}],"version-history":[{"count":45,"href":"https:\/\/savia-mijas.com\/es\/wp-json\/wp\/v2\/pages\/97\/revisions"}],"predecessor-version":[{"id":4653,"href":"https:\/\/savia-mijas.com\/es\/wp-json\/wp\/v2\/pages\/97\/revisions\/4653"}],"wp:featuredmedia":[{"embeddable":true,"href":"https:\/\/savia-mijas.com\/es\/wp-json\/wp\/v2\/media\/4573"}],"wp:attachment":[{"href":"https:\/\/savia-mijas.com\/es\/wp-json\/wp\/v2\/media?parent=97"}],"curies":[{"name":"wp","href":"https:\/\/api.w.org\/{rel}","templated":true}]}}