{"id":3121,"date":"2022-02-14T14:08:43","date_gmt":"2022-02-14T14:08:43","guid":{"rendered":"https:\/\/cognito.mprinsdesign.nl\/?page_id=3121"},"modified":"2025-07-17T07:33:13","modified_gmt":"2025-07-17T07:33:13","slug":"plus-dinformation","status":"publish","type":"page","link":"https:\/\/savia-mijas.com\/fr\/plus-dinformation\/","title":{"rendered":"Plus d&#039;information"},"content":{"rendered":"<section class=\"wpb-content-wrapper\">\n<div  class=\"content_row row page-content margin-between contact-form-row vc_row wpb_row  default-style fullwidth\" >\n\t\n\t<div class=\"content_row_wrapper  default\" style=\"padding-top:50px;padding-bottom:50px;\"><div id=\"asdasd\" class=\"vc_col-sm-6 wpb_column vc_column_container\" >\n\t<div class=\"vc_column-inner\">\n\t\t<div class=\"wpb_wrapper\" >\n\t\t\t\n<div  class=\"content_row row contact-informatie-row vc_row vc_inner vc_row-fluid global-style fullwidth\" style=\"background-color: #baad85;\">\n\t\n\t<div class=\"content_row_wrapper  default\" style=\"padding-top:10px;padding-bottom:20px;padding-left:20px;padding-right:20px;\">\n\t<div class=\"vc_col-sm-12 wpb_column vc_column_container\" >\n\t<div class=\"vc_column-inner\">\n\t\t<div class=\"wpb_wrapper\" >\n\t\t\t<div class=\"rt_heading_wrapper style-3\">\n\t\t\t\t\t\t<h1 class=\"rt_heading  style-3\"  style=\"font-size:24px;margin-top:24px;margin-bottom:0px;\">Plus d&#039;information - <span class=\"after_h1 white\">SAVIA MIJAS<\/span><\/h1> \n\t\t\t\t\t<\/div>\n\t<div class=\"wpb_text_column wpb_content_element  meer-info white\" >\n\t\t<div class=\"wpb_wrapper\">\n\t\t\t<p>SAVIA PHASE II \u2013 Appartements neufs situ\u00e9s dans l&#039;Hip\u00f3dromo Mijas, le nouveau quartier branch\u00e9 de la Costa del Sol. Savia est un magnifique ensemble de maisons mitoyennes de 3 et 4 chambres, avec jardin et cuisine \u00e9quip\u00e9e. Dot\u00e9 d&#039;excellentes prestations communes et de prestations haut de gamme, Savia est sans aucun doute la meilleure option pour une maison de r\u00eave dans un cadre magnifique et dynamique. N&#039;h\u00e9sitez pas \u00e0 nous contacter pour plus d&#039;informations.<\/p>\n<p>La premi\u00e8re phase a \u00e9t\u00e9 <strong>vendu rapidement<\/strong>Les prix d&#039;achat pour la 2\u00e8me phase commencent \u00e0 partir de<strong> \u20ac 461.000<\/strong> (plus 10% TVA)<\/p>\n<p>VOUS VOULEZ EN SAVOIR PLUS?<\/p>\n<p>Demandez ici des informations d\u00e9taill\u00e9es sur les sp\u00e9cifications et les caract\u00e9ristiques de SAVIA PHASE II et recevez le dossier d&#039;information sans engagement, comprenant :<\/p>\n<ul>\n<li>disponibilit\u00e9 actuelle et liste de prix<\/li>\n<li>plans d&#039;\u00e9tage de maison<\/li>\n<li>plan d&#039;\u00e9tage complexe<\/li>\n<li>brochure<\/li>\n<li>description d\u00e9taill\u00e9e<\/li>\n<li>aspects financiers<\/li>\n<\/ul>\n<p>Apr\u00e8s cela, si vous \u00eates int\u00e9ress\u00e9, nous vous inviterons \u00e0 un entretien personnel. <strong>appel vid\u00e9o<\/strong> dans lequel, en plus d&#039;une pr\u00e9sentation d\u00e9taill\u00e9e, vous pourrez \u00e9galement retrouver tous vos <strong>questions personnelles<\/strong> peut \u00e9noncer. La prochaine \u00e9tape est une <strong>visite sur place<\/strong>Cela vous donnera une bonne impression sur laquelle vous pourrez baser votre d\u00e9cision.<\/p>\n\n\t\t<\/div>\n\t<\/div>\n\n\t\t<\/div>\n\t<\/div>\n\t<\/div>\n\n<\/div>\n<\/div>\n\n\t\t<\/div>\n\t<\/div>\n\t<\/div>\n\n\t<div id=\"asdasd\" class=\"vc_col-sm-6 wpb_column vc_column_container\" >\n\t<div class=\"vc_column-inner\">\n\t\t<div class=\"wpb_wrapper\" >\n\t\t\t\n<div  class=\"content_row row vc_row vc_inner vc_row-fluid global-style fullwidth\" >\n\t\n\t<div class=\"content_row_wrapper  default\" style=\"padding-top:10px;padding-bottom:20px;padding-left:20px;padding-right:20px;\">\n\t<div class=\"vc_col-sm-12 wpb_column vc_column_container\" >\n\t<div class=\"vc_column-inner\">\n\t\t<div class=\"wpb_wrapper\" >\n\t\t\t<div class=\"rt_heading_wrapper style-3\">\n\t\t\t\t\t\t<h1 class=\"rt_heading  style-3\"  style=\"font-size:24px;margin-top:24px;margin-bottom:0px;\">Plus d&#039;infos - <span class=\"after_h1\">SAVIA MIJAS<\/span><\/h1> \n\t\t\t\t\t<\/div>\n\t<div class=\"wpb_text_column wpb_content_element\" >\n\t\t<div class=\"wpb_wrapper\">\n\t\t\t<div class=\"contact-form\">\n    <form id=\"cc-contact-form\" method=\"POST\" action=\"\">\n                <div class=\"split-contact\">\n            <article class=\"contact-row\">\n                <label><strong> Nom <\/strong>(oblig\u00e9)<\/label>\n                                <input type=\"text\" name=\"cc-name\" id=\"name\" value=\"\" required>\n            <\/article>\n            <article class=\"contact-row\">\n                <label><strong> E-mail <\/strong>(oblig\u00e9)<\/label>\n                                <input type=\"text\" name=\"cc-email\" id=\"email\" value=\"\" required>\n            <\/article>\n        <\/div>\n        <article class=\"contact-row\">\n            <label><strong> Adresse <\/strong><\/label>\n            <input type=\"text\" name=\"cc-address\" id=\"address\" value=\"\" required>\n        <\/article>\n        <div class=\"split-contact\">\n            <article class=\"contact-row\">\n                <label><strong> r\u00e9sidence <\/strong><\/label>\n                <input type=\"text\" name=\"cc-city\" id=\"city\" value=\"\" required>\n            <\/article>\n\n            <article class=\"contact-row\">\n                <label><strong> Pays <\/strong><\/label>\n                <input type=\"text\" name=\"cc-country\" id=\"country\" value=\"\" required>\n            <\/article>\n        <\/div>\n        <article class=\"contact-row\">\n            <label><strong> num\u00e9ro de t\u00e9l\u00e9phone <\/strong>(oblig\u00e9)<\/label>\n                        <input type=\"text\" name=\"cc-phone\" id=\"phone\" value=\"\" required>\n        <\/article>\n        <article class=\"contact-row\">\n            <label class=\"privacy-check\">\n                <input type=\"checkbox\" name=\"cc-video\" id=\"video\" value=\"on\" required>\n                Je souhaiterais prendre rendez-vous pour un appel vid\u00e9o (visite)\n            <\/label>\n        <\/article>\n        <article class=\"contact-row\">\n            <label><strong> commentaires <\/strong><\/label>\n            <textarea \n                name=\"cc-comments\" \n                id=\"comments\" \n                required\n\t\t\t placeholder=\"Par exemple, indiquez ici si vous souhaitez recevoir des informations sp\u00e9cifiques. \u00cates-vous ici \u00e0 court terme ? Veuillez nous informer de notre planification.\"\n\t\t                rows=\"6\"\n            ><\/textarea>\n        <\/article>\n        <article class=\"contact-row\">\n                        <label class=\"privacy-check\">\n                <input type=\"checkbox\" name=\"cc-privacy\" id=\"privacy\" required>\n                je suis d&#039;accord avec le <a href=\"\/fr\/politique-de-confidentialite\/\">politique de confidentialit\u00e9<\/a>.\n            <\/label>\n        <\/article>\n        <article class=\"contact-row\">\n            <label type=\"hidden\" id=\"captcha-label\" style=\"display: none; color: red;\"><\/label>\n            <input id='recaptcha' class=\"g-recaptcha\" type=\"submit\" value=\"exp\u00e9dier\" data-sitekey=\"6LeoCRIgAAAAAFGEHBimhbu4Ac0qLhPJSwqTq9Rq\" data-callback=\"ccSubmit\" data-action=\"submit\">\n        <\/article>\n    <input type=\"hidden\" name=\"trp-form-language\" value=\"fr\"\/><\/form>\n<\/div>\n<script>\n    function ccSubmit(token) {\n        document.getElementById(\"cc-contact-form\").submit();\n    }\n<\/script>\n\n\n\t\t<\/div>\n\t<\/div>\n\n\t\t<\/div>\n\t<\/div>\n\t<\/div>\n\n<\/div>\n<\/div>\n\n\t\t<\/div>\n\t<\/div>\n\t<\/div>\n<\/div>\n<\/div>\n\n<\/section>","protected":false},"excerpt":{"rendered":"<p>\u2026 <a class=\"more-link\" href=\"https:\/\/savia-mijas.com\/fr\/plus-dinformation\/\">continuer la lecture<\/a><\/p>","protected":false},"author":1,"featured_media":4516,"parent":0,"menu_order":6,"comment_status":"closed","ping_status":"closed","template":"","meta":{"footnotes":""},"class_list":["post-3121","page","type-page","status-publish","has-post-thumbnail","hentry"],"yoast_head":"<!-- This site is optimized with the Yoast SEO plugin v26.0 - https:\/\/yoast.com\/wordpress\/plugins\/seo\/ -->\n<title>Meer informatie - SAVIA II - MIJAS<\/title>\n<meta name=\"robots\" content=\"index, follow, max-snippet:-1, max-image-preview:large, max-video-preview:-1\" \/>\n<link rel=\"canonical\" href=\"https:\/\/savia-mijas.com\/fr\/plus-dinformation\/\" \/>\n<meta property=\"og:locale\" content=\"fr_FR\" \/>\n<meta property=\"og:type\" content=\"article\" \/>\n<meta property=\"og:title\" content=\"Meer informatie - SAVIA II - MIJAS\" \/>\n<meta property=\"og:url\" content=\"https:\/\/savia-mijas.com\/fr\/plus-dinformation\/\" \/>\n<meta property=\"og:site_name\" content=\"SAVIA II - MIJAS\" \/>\n<meta property=\"article:modified_time\" content=\"2025-07-17T07:33:13+00:00\" \/>\n<meta property=\"og:image\" content=\"https:\/\/savia-mijas.com\/wp-content\/uploads\/sites\/43\/2024\/05\/Absolute_Estepona_Building_2.jpg\" \/>\n\t<meta property=\"og:image:width\" content=\"1024\" \/>\n\t<meta property=\"og:image:height\" content=\"573\" \/>\n\t<meta property=\"og:image:type\" content=\"image\/jpeg\" \/>\n<meta name=\"twitter:card\" content=\"summary_large_image\" \/>\n<meta name=\"twitter:label1\" content=\"Dur\u00e9e de lecture estim\u00e9e\" \/>\n\t<meta name=\"twitter:data1\" content=\"2 minutes\" \/>\n<script type=\"application\/ld+json\" class=\"yoast-schema-graph\">{\"@context\":\"https:\/\/schema.org\",\"@graph\":[{\"@type\":\"WebPage\",\"@id\":\"https:\/\/savia-mijas.com\/meer-informatie\/\",\"url\":\"https:\/\/savia-mijas.com\/meer-informatie\/\",\"name\":\"Meer informatie - SAVIA II - MIJAS\",\"isPartOf\":{\"@id\":\"https:\/\/savia-mijas.com\/#website\"},\"primaryImageOfPage\":{\"@id\":\"https:\/\/savia-mijas.com\/meer-informatie\/#primaryimage\"},\"image\":{\"@id\":\"https:\/\/savia-mijas.com\/meer-informatie\/#primaryimage\"},\"thumbnailUrl\":\"https:\/\/savia-mijas.com\/wp-content\/uploads\/sites\/43\/2024\/05\/Absolute_Estepona_Building_2.jpg\",\"datePublished\":\"2022-02-14T14:08:43+00:00\",\"dateModified\":\"2025-07-17T07:33:13+00:00\",\"breadcrumb\":{\"@id\":\"https:\/\/savia-mijas.com\/meer-informatie\/#breadcrumb\"},\"inLanguage\":\"fr-FR\",\"potentialAction\":[{\"@type\":\"ReadAction\",\"target\":[\"https:\/\/savia-mijas.com\/meer-informatie\/\"]}]},{\"@type\":\"ImageObject\",\"inLanguage\":\"fr-FR\",\"@id\":\"https:\/\/savia-mijas.com\/meer-informatie\/#primaryimage\",\"url\":\"https:\/\/savia-mijas.com\/wp-content\/uploads\/sites\/43\/2024\/05\/Absolute_Estepona_Building_2.jpg\",\"contentUrl\":\"https:\/\/savia-mijas.com\/wp-content\/uploads\/sites\/43\/2024\/05\/Absolute_Estepona_Building_2.jpg\",\"width\":1024,\"height\":573},{\"@type\":\"BreadcrumbList\",\"@id\":\"https:\/\/savia-mijas.com\/meer-informatie\/#breadcrumb\",\"itemListElement\":[{\"@type\":\"ListItem\",\"position\":1,\"name\":\"Home\",\"item\":\"https:\/\/savia-mijas.com\/\"},{\"@type\":\"ListItem\",\"position\":2,\"name\":\"Meer informatie\"}]},{\"@type\":\"WebSite\",\"@id\":\"https:\/\/savia-mijas.com\/#website\",\"url\":\"https:\/\/savia-mijas.com\/\",\"name\":\"SAVIA II - MIJAS\",\"description\":\"Een evenwicht tussen architectuur en natuur\",\"potentialAction\":[{\"@type\":\"SearchAction\",\"target\":{\"@type\":\"EntryPoint\",\"urlTemplate\":\"https:\/\/savia-mijas.com\/?s={search_term_string}\"},\"query-input\":{\"@type\":\"PropertyValueSpecification\",\"valueRequired\":true,\"valueName\":\"search_term_string\"}}],\"inLanguage\":\"fr-FR\"}]}<\/script>\n<!-- \/ Yoast SEO plugin. -->","yoast_head_json":{"title":"Plus d&#039;informations - SAVIA II - MIJAS","robots":{"index":"index","follow":"follow","max-snippet":"max-snippet:-1","max-image-preview":"max-image-preview:large","max-video-preview":"max-video-preview:-1"},"canonical":"https:\/\/savia-mijas.com\/fr\/plus-dinformation\/","og_locale":"fr_FR","og_type":"article","og_title":"Meer informatie - SAVIA II - MIJAS","og_url":"https:\/\/savia-mijas.com\/fr\/plus-dinformation\/","og_site_name":"SAVIA II - MIJAS","article_modified_time":"2025-07-17T07:33:13+00:00","og_image":[{"width":1024,"height":573,"url":"https:\/\/savia-mijas.com\/wp-content\/uploads\/sites\/43\/2024\/05\/Absolute_Estepona_Building_2.jpg","type":"image\/jpeg"}],"twitter_card":"summary_large_image","twitter_misc":{"Dur\u00e9e de lecture estim\u00e9e":"2 minutes"},"schema":{"@context":"https:\/\/schema.org","@graph":[{"@type":"WebPage","@id":"https:\/\/savia-mijas.com\/meer-informatie\/","url":"https:\/\/savia-mijas.com\/meer-informatie\/","name":"Plus d&#039;informations - SAVIA II - MIJAS","isPartOf":{"@id":"https:\/\/savia-mijas.com\/#website"},"primaryImageOfPage":{"@id":"https:\/\/savia-mijas.com\/meer-informatie\/#primaryimage"},"image":{"@id":"https:\/\/savia-mijas.com\/meer-informatie\/#primaryimage"},"thumbnailUrl":"https:\/\/savia-mijas.com\/wp-content\/uploads\/sites\/43\/2024\/05\/Absolute_Estepona_Building_2.jpg","datePublished":"2022-02-14T14:08:43+00:00","dateModified":"2025-07-17T07:33:13+00:00","breadcrumb":{"@id":"https:\/\/savia-mijas.com\/meer-informatie\/#breadcrumb"},"inLanguage":"fr-FR","potentialAction":[{"@type":"ReadAction","target":["https:\/\/savia-mijas.com\/meer-informatie\/"]}]},{"@type":"ImageObject","inLanguage":"fr-FR","@id":"https:\/\/savia-mijas.com\/meer-informatie\/#primaryimage","url":"https:\/\/savia-mijas.com\/wp-content\/uploads\/sites\/43\/2024\/05\/Absolute_Estepona_Building_2.jpg","contentUrl":"https:\/\/savia-mijas.com\/wp-content\/uploads\/sites\/43\/2024\/05\/Absolute_Estepona_Building_2.jpg","width":1024,"height":573},{"@type":"BreadcrumbList","@id":"https:\/\/savia-mijas.com\/meer-informatie\/#breadcrumb","itemListElement":[{"@type":"ListItem","position":1,"name":"Home","item":"https:\/\/savia-mijas.com\/"},{"@type":"ListItem","position":2,"name":"Meer informatie"}]},{"@type":"WebSite","@id":"https:\/\/savia-mijas.com\/#website","url":"https:\/\/savia-mijas.com\/","name":"SAVIA II - MIJAS","description":"Un \u00e9quilibre entre architecture et nature","potentialAction":[{"@type":"SearchAction","target":{"@type":"EntryPoint","urlTemplate":"https:\/\/savia-mijas.com\/?s={search_term_string}"},"query-input":{"@type":"PropertyValueSpecification","valueRequired":true,"valueName":"search_term_string"}}],"inLanguage":"fr-FR"}]}},"_links":{"self":[{"href":"https:\/\/savia-mijas.com\/fr\/wp-json\/wp\/v2\/pages\/3121","targetHints":{"allow":["GET"]}}],"collection":[{"href":"https:\/\/savia-mijas.com\/fr\/wp-json\/wp\/v2\/pages"}],"about":[{"href":"https:\/\/savia-mijas.com\/fr\/wp-json\/wp\/v2\/types\/page"}],"author":[{"embeddable":true,"href":"https:\/\/savia-mijas.com\/fr\/wp-json\/wp\/v2\/users\/1"}],"replies":[{"embeddable":true,"href":"https:\/\/savia-mijas.com\/fr\/wp-json\/wp\/v2\/comments?post=3121"}],"version-history":[{"count":30,"href":"https:\/\/savia-mijas.com\/fr\/wp-json\/wp\/v2\/pages\/3121\/revisions"}],"predecessor-version":[{"id":4635,"href":"https:\/\/savia-mijas.com\/fr\/wp-json\/wp\/v2\/pages\/3121\/revisions\/4635"}],"wp:featuredmedia":[{"embeddable":true,"href":"https:\/\/savia-mijas.com\/fr\/wp-json\/wp\/v2\/media\/4516"}],"wp:attachment":[{"href":"https:\/\/savia-mijas.com\/fr\/wp-json\/wp\/v2\/media?parent=3121"}],"curies":[{"name":"wp","href":"https:\/\/api.w.org\/{rel}","templated":true}]}}