{"id":97,"date":"2022-01-27T10:58:35","date_gmt":"2022-01-27T10:58:35","guid":{"rendered":"http:\/\/cognito.mprinsdesign.nl\/?page_id=97"},"modified":"2025-07-18T08:43:32","modified_gmt":"2025-07-18T08:43:32","slug":"posizione","status":"publish","type":"page","link":"https:\/\/savia-mijas.com\/it\/posizione\/","title":{"rendered":"Posizione"},"content":{"rendered":"<section class=\"wpb-content-wrapper\"><div  class=\"content_row row page-content vc_row wpb_row  default-style fullwidth\" >\n\t\n\t<div class=\"content_row_wrapper  default\" >\n\t<div id=\"asdasd\" class=\"vc_col-sm-12 wpb_column vc_column_container\" >\n\t<div class=\"vc_column-inner\">\n\t\t<div class=\"wpb_wrapper\" >\n\t\t\t<div class=\"rt_heading_wrapper no-style\">\n\t\t\t\t\t\t<h1 class=\"rt_heading  no-style\"  style=\"font-size:24px;margin-top:24px;margin-bottom:0px;\">Posizione - <span class=\"after_h1\">Savia Mijas<\/span><\/h1> \n\t\t\t\t\t<\/div><div class=\"vc_empty_space\"   style=\"height: 32px\"><span class=\"vc_empty_space_inner\"><\/span><\/div>\n\t<div class=\"wpb_text_column wpb_content_element\" >\n\t\t<div class=\"wpb_wrapper\">\n\t\t\t<p><strong>Sulla Costa del Sol, nel nuovo complesso residenziale Hip\u00f3dromo Mijas, nel quartiere Savia di Mijas, sono in corso i lavori per il nuovo progetto edilizio SAVIA MIJAS.<\/strong><strong> la regione di Mijas \u00e8 una zona deliziosa con urbanizzazioni prestigiose, ville esclusive, club, campi da golf, ecc. \u00c8 una zona sia residenziale che turistica, la cui popolarit\u00e0 \u00e8 cresciuta grazie alla sua posizione strategica, ai suoi servizi e alle sue attrattive <\/strong><strong>ambiente con paesaggi naturali, il sentiero costiero, 14 chilometri di spiaggia, le montagne e importanti infrastrutture con tutto ci\u00f2 che lo circonda. Mijas \u00e8 un&#039;affascinante cittadina considerata una delle migliori destinazioni d&#039;Europa per diversi motivi: il suo clima, la sua gastronomia, la sua posizione, a breve distanza da Marbella, Sotogrande e Gibilterra, e il suo facile accesso tramite la AP7 e l&#039;aeroporto di Malaga, che dista solo 35 km.<\/strong><\/p>\n<p>C&#039;\u00e8 sempre qualcosa da fare sulla Costa del Sol con la sua temperatura meravigliosa, le bellissime spiagge e le numerose attrazioni. Grazie alla buona infrastruttura, tutto \u00e8 facilmente accessibile. In breve, questa regione offre un ricco mix di relax, avventura ed esperienze culturali, rendendola una destinazione ideale sia per i vacanzieri che per i residenti.<\/p>\n\n\t\t<\/div>\n\t<\/div>\n\n\t<div  class=\"wpb_single_image wpb_content_element vc_align_center\">\n\t\t\n\t\t<figure class=\"wpb_wrapper vc_figure\">\n\t\t\t<div class=\"vc_single_image-wrapper   vc_box_border_grey\"><img fetchpriority=\"high\" decoding=\"async\" width=\"1200\" height=\"800\" src=\"https:\/\/savia-mijas.com\/wp-content\/uploads\/sites\/43\/2025\/07\/savia2maplr.jpg\" class=\"vc_single_image-img attachment-full\" alt=\"Posizione di Savia II\" title=\"savia2maplr\" srcset=\"https:\/\/savia-mijas.com\/wp-content\/uploads\/sites\/43\/2025\/07\/savia2maplr.jpg 1200w, https:\/\/savia-mijas.com\/wp-content\/uploads\/sites\/43\/2025\/07\/savia2maplr-300x200.jpg 300w, https:\/\/savia-mijas.com\/wp-content\/uploads\/sites\/43\/2025\/07\/savia2maplr-1024x683.jpg 1024w, https:\/\/savia-mijas.com\/wp-content\/uploads\/sites\/43\/2025\/07\/savia2maplr-768x512.jpg 768w, https:\/\/savia-mijas.com\/wp-content\/uploads\/sites\/43\/2025\/07\/savia2maplr-18x12.jpg 18w\" sizes=\"(max-width: 1200px) 100vw, 1200px\" \/><\/div>\n\t\t<\/figure>\n\t<\/div>\n<div class=\"button_wrapper aligncenter\"><a  href=\"\" target=\"_self\" title=\"&gt; richiedi pacchetto informativo\" class=\"button_  style-2 small\">&gt; richiedi pacchetto informativo<\/a><\/div><div class=\"vc_separator wpb_content_element vc_separator_align_center vc_sep_width_100 vc_sep_style-6 vc_sep_pos_align_center vc_separator_no_text vc_sep_color_grey\" ><span class=\"vc_sep_holder vc_sep_holder_l\"><span class=\"vc_sep_line\"><\/span><\/span><span class=\"vc_sep_holder vc_sep_holder_r\"><span class=\"vc_sep_line\"><\/span><\/span>\n<\/div>\n\t<div class=\"wpb_text_column wpb_content_element\" >\n\t\t<div class=\"wpb_wrapper\">\n\t\t\t<p>C&#039;\u00e8 molto da scoprire anche nelle immediate vicinanze del complesso Savia Mijas Mijas. Ecco alcune attivit\u00e0 e attrazioni da non perdere, tutte raggiungibili a piedi, in bicicletta o con un breve tragitto in auto:<\/p>\n<ul>\n<li><strong>Mijas Pueblo<\/strong>: Un affascinante villaggio bianco tra le montagne con strade strette, architettura tradizionale andalusa e viste spettacolari sulla costa.<\/li>\n<li><strong>Castello di Colomares<\/strong>: Un imponente monumento a Benalm\u00e1dena, dedicato alla scoperta dell&#039;America da parte di Colombo. \u00c8 un mix unico di stili architettonici.<\/li>\n<li><strong>Opzioni sportive<\/strong><br \/>\n<em>Campi da golf<\/em>: La regione \u00e8 famosa per i suoi campi da golf, come Mijas Golf e Santana Golf, che offrono strutture eccellenti per gli appassionati di golf.<br \/>\n<em>Sport acquatici<\/em>: Nelle spiagge vicine \u00e8 possibile praticare attivit\u00e0 come windsurf, kayak e paddle boarding.<\/li>\n<li>Opzioni di intrattenimento<br \/>\n<em>Fuengirola<\/em>: Noto per la sua vivace vita notturna con numerosi bar, club e opzioni di musica dal vivo.<br \/>\n<em>La Cala de Mijas<\/em>: Un&#039;accogliente localit\u00e0 balneare dall&#039;atmosfera rilassata, dove potrete godervi i bar sulla spiaggia e le passeggiate serali sul lungomare.<\/li>\n<li>Opzioni culinarie<br \/>\n<em>Ristoranti locali<\/em>: Godetevi la cucina andalusa nei tapas bar locali e nei ristoranti di pesce. Prova piatti come la paella, il gazpacho e il pesce fresco.<br \/>\n<em>Chiringuitos<\/em>: Ristoranti sulla spiaggia dove potrete gustare piatti di pesce fresco direttamente in riva al mare.<br \/>\nOpportunit\u00e0 culturali<br \/>\n<em>Museo Storico-Etnologico di Mijas<\/em>: Un museo che offre uno spaccato della storia locale e delle tradizioni di Mijas.<br \/>\n<em>Spettacoli di flamenco<\/em>: Vivi la passione della cultura spagnola con uno spettacolo di flamenco tradizionale in uno dei teatri o bar locali.<\/li>\n<li>assaggiare il <strong>gastronomia locale<\/strong> \u2013 La cucina andalusa \u00e8 ricca e varia. Godetevi le specialit\u00e0 locali come il gazpacho, gli espetos (sardine allo spiedo) e il vino dolce della regione. Ci sono molti ristoranti e bar di tapas nella zona dove puoi gustare queste prelibatezze.<\/li>\n<li><strong>pedalando lungo la Riviera del Sol<\/strong> \u2013 Prendi la tua bicicletta ed esplora la bellissima costa lungo la Riviera del Sol. Il percorso offre splendidi panorami e accoglienti bar sulla spiaggia (chiringuitos) dove \u00e8 possibile fermarsi per un drink rinfrescante.<\/li>\n<li>visitalo <strong>Castello di Sohail<\/strong> (Fuengirola) \u2013 Situato a breve distanza da Calahonda, questo storico castello offre non solo una storia interessante ma anche viste spettacolari sul Mar Mediterraneo.<\/li>\n<li><strong>mercati di Mijas<\/strong> \u2013 Esplora i mercati locali dove puoi trovare di tutto, dai prodotti freschi ai souvenir fatti a mano. Vale sicuramente la pena visitare il mercato di La Cala de Mijas, che si svolge ogni mercoled\u00ec e sabato.<\/li>\n<\/ul>\n<p>Con queste attivit\u00e0 e attrazioni proprio dietro l&#039;angolo, tu, la tua famiglia, i tuoi amici o i tuoi ospiti trascorrerete momenti indimenticabili a Mijas e nella regione circostante, sia che tu stia cercando relax, avventura, cultura o esperienze culinarie.<\/p>\n\n\t\t<\/div>\n\t<\/div>\n\n\t\t<\/div>\n\t<\/div>\n\t<\/div>\n\n<\/div>\n<\/div>\n\n<div  class=\"content_row row room-list vc_row wpb_row  default-style fullwidth\" >\n\t\n\t<div class=\"content_row_wrapper  fullwidth\" >\n\t<div id=\"asdasd\" class=\"vc_col-sm-12 wpb_column vc_column_container\" >\n\t<div class=\"vc_column-inner\">\n\t\t<div class=\"wpb_wrapper\" >\n\t\t\t<div class=\"button_wrapper aligncenter\"><a  href=\"\" target=\"_self\" title=\"&gt; richiedi pacchetto informativo\" class=\"button_  style-2 small\">&gt; richiedi pacchetto informativo<\/a><\/div><div class=\"vc_separator wpb_content_element vc_separator_align_center vc_sep_width_100 vc_sep_style-6 vc_sep_pos_align_center vc_separator_no_text vc_sep_color_grey\" ><span class=\"vc_sep_holder vc_sep_holder_l\"><span class=\"vc_sep_line\"><\/span><\/span><span class=\"vc_sep_holder vc_sep_holder_r\"><span class=\"vc_sep_line\"><\/span><\/span>\n<\/div><div class=\"google_map_holder\" data-height=\"300\" data-scope=\"#map-705397\" data-bw=\"\">\n\n\t\t\t<div id=\"map-705397\" class=\"google_map\"><\/div>\n\t\t\t<script type=\"text\/javascript\">\n\t\t\t \/* <![CDATA[ *\/ \n\t\t\t\t\/\/ Runs google maps\t\n\t\t\t\t\tjQuery(function() {\n\t\t\t\t\t\tjQuery(\"#map-705397\").rt_maps([[\"Savia - Mijas\", 36.520775, -4.652748, 4,\"Savia Mijas &#8211; M\u00e1laga &#8211; Spain\"],],10); \n\t\t\t\t\t});\n\t\t\t\/* ]]> *\/\t\n\t\t\t<\/script>\n\n\t\t<\/div><div class=\"vc_empty_space\"   style=\"height: 90px\"><span class=\"vc_empty_space_inner\"><\/span><\/div><div class=\"rt_quote\"  >\n\t\t\t\t\t\t\t<p>\n\t\t\t\t\t\t\t\t<span class=\"icon-quote-left\"><\/span>\n\t\t\t\t\t\t\t\t<\/p>\n<p id=\"tw-target-text\" class=\"tw-data-text tw-text-large tw-ta\" dir=\"ltr\" data-placeholder=\"Vertaling\" data-ved=\"2ahUKEwjrwKua7ISEAxXezgIHHeULBkAQ3ewLegQIBRAQ\"><span class=\"Y2IQFc\" lang=\"nl\">Un luogo per godersi l&#039;ambiente circostante, la tranquillit\u00e0, la vita delle citt\u00e0 e dei villaggi vicini e l&#039;esclusivit\u00e0 di un&#039;enclave unica.<\/span><\/p>\n<p>\n\t\t\t\t\t\t\t\t<span class=\"icon-quote-right\"><\/span>\n\t\t\t\t\t\t\t<\/p>\n\t\t\t\t\t\t\t\n\t\t\t\t\t<\/div>\n\t\t<\/div>\n\t<\/div>\n\t<\/div>\n\n<\/div>\n<\/div>\n\n<div  class=\"content_row row vc_row wpb_row  default-style fullwidth\" >\n\t\n\t<div class=\"content_row_wrapper  default\" >\n\t<div id=\"asdasd\" class=\"vc_col-sm-12 wpb_column vc_column_container\" >\n\t<div class=\"vc_column-inner\">\n\t\t<div class=\"wpb_wrapper\" >\n\t\t\t\n\t\t<div  class=\"info_box margin-b20 clearfix announcement announcement\" data-rt-animate=\"animate\" data-rt-animation-type=\"fadeInDown\" data-rt-animation-group=\"single\">\n\t\t\t<span class=\"icon-cancel\"><\/span>\n\t\t\t<p class=\"icon-megaphone-1\">\n\t\t\t\t<\/p>\n<ul>\n<li>Aeroporto (50-100 km)<\/li>\n<li>Spiaggia (3 km)<\/li>\n<li>Mare (3 km)<\/li>\n<li>Mare e spiaggia a pochi minuti in auto<\/li>\n<li>Vista sulle colline<\/li>\n<li>Vista della citt\u00e0<\/li>\n<li>Trasporto pubblico<\/li>\n<li>Negozi\/centro commerciale raggiungibili a piedi<\/li>\n<li>Bar\/ristoranti raggiungibili a piedi<\/li>\n<\/ul>\n<p>\n\t\t\t<\/p>\n\t\t<\/div>\n\t\n\t\t<\/div>\n\t<\/div>\n\t<\/div>\n\n<\/div>\n<\/div>\n<\/section>","protected":false},"excerpt":{"rendered":"<p>\u2026 <a class=\"more-link\" href=\"https:\/\/savia-mijas.com\/it\/posizione\/\">Continua a leggere<\/a><\/p>","protected":false},"author":1,"featured_media":4573,"parent":0,"menu_order":5,"comment_status":"closed","ping_status":"closed","template":"","meta":{"footnotes":""},"class_list":["post-97","page","type-page","status-publish","has-post-thumbnail","hentry"],"yoast_head":"<!-- This site is optimized with the Yoast SEO plugin v26.0 - https:\/\/yoast.com\/wordpress\/plugins\/seo\/ -->\n<title>Locatie - SAVIA II - MIJAS<\/title>\n<meta name=\"robots\" content=\"index, follow, max-snippet:-1, max-image-preview:large, max-video-preview:-1\" \/>\n<link rel=\"canonical\" href=\"https:\/\/savia-mijas.com\/it\/posizione\/\" \/>\n<meta property=\"og:locale\" content=\"it_IT\" \/>\n<meta property=\"og:type\" content=\"article\" \/>\n<meta property=\"og:title\" content=\"Locatie - SAVIA II - MIJAS\" \/>\n<meta property=\"og:url\" content=\"https:\/\/savia-mijas.com\/it\/posizione\/\" \/>\n<meta property=\"og:site_name\" content=\"SAVIA II - MIJAS\" \/>\n<meta property=\"article:modified_time\" content=\"2025-07-18T08:43:32+00:00\" \/>\n<meta property=\"og:image\" content=\"https:\/\/savia-mijas.com\/wp-content\/uploads\/sites\/43\/2024\/04\/savia_complex.jpg\" \/>\n\t<meta property=\"og:image:width\" content=\"1920\" \/>\n\t<meta property=\"og:image:height\" content=\"1350\" \/>\n\t<meta property=\"og:image:type\" content=\"image\/jpeg\" \/>\n<meta name=\"twitter:card\" content=\"summary_large_image\" \/>\n<meta name=\"twitter:label1\" content=\"Tempo di lettura stimato\" \/>\n\t<meta name=\"twitter:data1\" content=\"5 minuti\" \/>\n<script type=\"application\/ld+json\" class=\"yoast-schema-graph\">{\"@context\":\"https:\/\/schema.org\",\"@graph\":[{\"@type\":\"WebPage\",\"@id\":\"https:\/\/savia-mijas.com\/locatie\/\",\"url\":\"https:\/\/savia-mijas.com\/locatie\/\",\"name\":\"Locatie - SAVIA II - MIJAS\",\"isPartOf\":{\"@id\":\"https:\/\/savia-mijas.com\/#website\"},\"primaryImageOfPage\":{\"@id\":\"https:\/\/savia-mijas.com\/locatie\/#primaryimage\"},\"image\":{\"@id\":\"https:\/\/savia-mijas.com\/locatie\/#primaryimage\"},\"thumbnailUrl\":\"https:\/\/savia-mijas.com\/wp-content\/uploads\/sites\/43\/2024\/04\/savia_complex.jpg\",\"datePublished\":\"2022-01-27T10:58:35+00:00\",\"dateModified\":\"2025-07-18T08:43:32+00:00\",\"breadcrumb\":{\"@id\":\"https:\/\/savia-mijas.com\/locatie\/#breadcrumb\"},\"inLanguage\":\"it-IT\",\"potentialAction\":[{\"@type\":\"ReadAction\",\"target\":[\"https:\/\/savia-mijas.com\/locatie\/\"]}]},{\"@type\":\"ImageObject\",\"inLanguage\":\"it-IT\",\"@id\":\"https:\/\/savia-mijas.com\/locatie\/#primaryimage\",\"url\":\"https:\/\/savia-mijas.com\/wp-content\/uploads\/sites\/43\/2024\/04\/savia_complex.jpg\",\"contentUrl\":\"https:\/\/savia-mijas.com\/wp-content\/uploads\/sites\/43\/2024\/04\/savia_complex.jpg\",\"width\":1920,\"height\":1350},{\"@type\":\"BreadcrumbList\",\"@id\":\"https:\/\/savia-mijas.com\/locatie\/#breadcrumb\",\"itemListElement\":[{\"@type\":\"ListItem\",\"position\":1,\"name\":\"Home\",\"item\":\"https:\/\/savia-mijas.com\/\"},{\"@type\":\"ListItem\",\"position\":2,\"name\":\"Locatie\"}]},{\"@type\":\"WebSite\",\"@id\":\"https:\/\/savia-mijas.com\/#website\",\"url\":\"https:\/\/savia-mijas.com\/\",\"name\":\"SAVIA II - MIJAS\",\"description\":\"Een evenwicht tussen architectuur en natuur\",\"potentialAction\":[{\"@type\":\"SearchAction\",\"target\":{\"@type\":\"EntryPoint\",\"urlTemplate\":\"https:\/\/savia-mijas.com\/?s={search_term_string}\"},\"query-input\":{\"@type\":\"PropertyValueSpecification\",\"valueRequired\":true,\"valueName\":\"search_term_string\"}}],\"inLanguage\":\"it-IT\"}]}<\/script>\n<!-- \/ Yoast SEO plugin. -->","yoast_head_json":{"title":"Posizione - SAVIA II - MIJAS","robots":{"index":"index","follow":"follow","max-snippet":"max-snippet:-1","max-image-preview":"max-image-preview:large","max-video-preview":"max-video-preview:-1"},"canonical":"https:\/\/savia-mijas.com\/it\/posizione\/","og_locale":"it_IT","og_type":"article","og_title":"Locatie - SAVIA II - MIJAS","og_url":"https:\/\/savia-mijas.com\/it\/posizione\/","og_site_name":"SAVIA II - MIJAS","article_modified_time":"2025-07-18T08:43:32+00:00","og_image":[{"width":1920,"height":1350,"url":"https:\/\/savia-mijas.com\/wp-content\/uploads\/sites\/43\/2024\/04\/savia_complex.jpg","type":"image\/jpeg"}],"twitter_card":"summary_large_image","twitter_misc":{"Tempo di lettura stimato":"5 minuti"},"schema":{"@context":"https:\/\/schema.org","@graph":[{"@type":"WebPage","@id":"https:\/\/savia-mijas.com\/locatie\/","url":"https:\/\/savia-mijas.com\/locatie\/","name":"Posizione - SAVIA II - MIJAS","isPartOf":{"@id":"https:\/\/savia-mijas.com\/#website"},"primaryImageOfPage":{"@id":"https:\/\/savia-mijas.com\/locatie\/#primaryimage"},"image":{"@id":"https:\/\/savia-mijas.com\/locatie\/#primaryimage"},"thumbnailUrl":"https:\/\/savia-mijas.com\/wp-content\/uploads\/sites\/43\/2024\/04\/savia_complex.jpg","datePublished":"2022-01-27T10:58:35+00:00","dateModified":"2025-07-18T08:43:32+00:00","breadcrumb":{"@id":"https:\/\/savia-mijas.com\/locatie\/#breadcrumb"},"inLanguage":"it-IT","potentialAction":[{"@type":"ReadAction","target":["https:\/\/savia-mijas.com\/locatie\/"]}]},{"@type":"ImageObject","inLanguage":"it-IT","@id":"https:\/\/savia-mijas.com\/locatie\/#primaryimage","url":"https:\/\/savia-mijas.com\/wp-content\/uploads\/sites\/43\/2024\/04\/savia_complex.jpg","contentUrl":"https:\/\/savia-mijas.com\/wp-content\/uploads\/sites\/43\/2024\/04\/savia_complex.jpg","width":1920,"height":1350},{"@type":"BreadcrumbList","@id":"https:\/\/savia-mijas.com\/locatie\/#breadcrumb","itemListElement":[{"@type":"ListItem","position":1,"name":"Home","item":"https:\/\/savia-mijas.com\/"},{"@type":"ListItem","position":2,"name":"Locatie"}]},{"@type":"WebSite","@id":"https:\/\/savia-mijas.com\/#website","url":"https:\/\/savia-mijas.com\/","name":"SAVIA II - MIJAS","description":"Un equilibrio tra architettura e natura","potentialAction":[{"@type":"SearchAction","target":{"@type":"EntryPoint","urlTemplate":"https:\/\/savia-mijas.com\/?s={search_term_string}"},"query-input":{"@type":"PropertyValueSpecification","valueRequired":true,"valueName":"search_term_string"}}],"inLanguage":"it-IT"}]}},"_links":{"self":[{"href":"https:\/\/savia-mijas.com\/it\/wp-json\/wp\/v2\/pages\/97","targetHints":{"allow":["GET"]}}],"collection":[{"href":"https:\/\/savia-mijas.com\/it\/wp-json\/wp\/v2\/pages"}],"about":[{"href":"https:\/\/savia-mijas.com\/it\/wp-json\/wp\/v2\/types\/page"}],"author":[{"embeddable":true,"href":"https:\/\/savia-mijas.com\/it\/wp-json\/wp\/v2\/users\/1"}],"replies":[{"embeddable":true,"href":"https:\/\/savia-mijas.com\/it\/wp-json\/wp\/v2\/comments?post=97"}],"version-history":[{"count":45,"href":"https:\/\/savia-mijas.com\/it\/wp-json\/wp\/v2\/pages\/97\/revisions"}],"predecessor-version":[{"id":4653,"href":"https:\/\/savia-mijas.com\/it\/wp-json\/wp\/v2\/pages\/97\/revisions\/4653"}],"wp:featuredmedia":[{"embeddable":true,"href":"https:\/\/savia-mijas.com\/it\/wp-json\/wp\/v2\/media\/4573"}],"wp:attachment":[{"href":"https:\/\/savia-mijas.com\/it\/wp-json\/wp\/v2\/media?parent=97"}],"curies":[{"name":"wp","href":"https:\/\/api.w.org\/{rel}","templated":true}]}}