{"id":97,"date":"2022-01-27T10:58:35","date_gmt":"2022-01-27T10:58:35","guid":{"rendered":"http:\/\/cognito.mprinsdesign.nl\/?page_id=97"},"modified":"2025-07-18T08:43:32","modified_gmt":"2025-07-18T08:43:32","slug":"lokalizacja","status":"publish","type":"page","link":"https:\/\/savia-mijas.com\/pl\/lokalizacja\/","title":{"rendered":"Lokalizacja"},"content":{"rendered":"<section class=\"wpb-content-wrapper\"><div  class=\"content_row row page-content vc_row wpb_row  default-style fullwidth\" >\n\t\n\t<div class=\"content_row_wrapper  default\" >\n\t<div id=\"asdasd\" class=\"vc_col-sm-12 wpb_column vc_column_container\" >\n\t<div class=\"vc_column-inner\">\n\t\t<div class=\"wpb_wrapper\" >\n\t\t\t<div class=\"rt_heading_wrapper no-style\">\n\t\t\t\t\t\t<h1 class=\"rt_heading  no-style\"  style=\"font-size:24px;margin-top:24px;margin-bottom:0px;\">Lokalizacja - <span class=\"after_h1\">Savii Mijas<\/span><\/h1> \n\t\t\t\t\t<\/div><div class=\"vc_empty_space\"   style=\"height: 32px\"><span class=\"vc_empty_space_inner\"><\/span><\/div>\n\t<div class=\"wpb_text_column wpb_content_element\" >\n\t\t<div class=\"wpb_wrapper\">\n\t\t\t<p><strong>Na Costa del Sol, w nowej urbanizacji Hip\u00f3dromo Mijas, w dzielnicy Savia w Mijas trwaj\u0105 prace nad nowym projektem budowlanym SAVIA MIJAS.<\/strong><strong> region Mijas to zachwycaj\u0105cy obszar z presti\u017cowymi urbanizacjami, ekskluzywnymi willami, klubami, polami golfowymi itp. Jest to zar\u00f3wno obszar mieszkalny, jak i turystyczny, kt\u00f3rego popularno\u015b\u0107 wzros\u0142a ze wzgl\u0119du na strategiczne po\u0142o\u017cenie, us\u0142ugi i atrakcyjno\u015b\u0107 <\/strong><strong>\u015brodowisko z naturalnymi krajobrazami, \u015bcie\u017ck\u0105 przybrze\u017cn\u0105, 14 kilometrami pla\u017cy, g\u00f3rami i wa\u017cn\u0105 infrastruktur\u0105 ze wszystkim wok\u00f3\u0142. Mijas to urocze miasteczko uwa\u017cane za jedno z najlepszych miejsc w Europie z kilku powod\u00f3w: klimatu, gastronomii, lokalizacji, niewielkiej odleg\u0142o\u015bci od Marbelli, Sotogrande i Gibraltaru oraz \u0142atwego dost\u0119pu przez AP7 i lotnisko w Maladze, kt\u00f3re jest tylko 35 km st\u0105d.<\/strong><\/p>\n<p>Na Costa del Sol zawsze jest co\u015b do zrobienia dzi\u0119ki wspania\u0142ej temperaturze, pi\u0119knym pla\u017com i wielu zabytkom. Dzi\u0119ki dobrej infrastrukturze wszystko jest \u0142atwo dost\u0119pne. Kr\u00f3tko m\u00f3wi\u0105c, region ten oferuje bogat\u0105 mieszank\u0119 relaksu, przyg\u00f3d i prze\u017cy\u0107 kulturalnych, co czyni go idealnym miejscem zar\u00f3wno dla wczasowicz\u00f3w, jak i mieszka\u0144c\u00f3w.<\/p>\n\n\t\t<\/div>\n\t<\/div>\n\n\t<div  class=\"wpb_single_image wpb_content_element vc_align_center\">\n\t\t\n\t\t<figure class=\"wpb_wrapper vc_figure\">\n\t\t\t<div class=\"vc_single_image-wrapper   vc_box_border_grey\"><img fetchpriority=\"high\" decoding=\"async\" width=\"1200\" height=\"800\" src=\"https:\/\/savia-mijas.com\/wp-content\/uploads\/sites\/43\/2025\/07\/savia2maplr.jpg\" class=\"vc_single_image-img attachment-full\" alt=\"Lokalizacja Savia II\" title=\"savia2maplr\" srcset=\"https:\/\/savia-mijas.com\/wp-content\/uploads\/sites\/43\/2025\/07\/savia2maplr.jpg 1200w, https:\/\/savia-mijas.com\/wp-content\/uploads\/sites\/43\/2025\/07\/savia2maplr-300x200.jpg 300w, https:\/\/savia-mijas.com\/wp-content\/uploads\/sites\/43\/2025\/07\/savia2maplr-1024x683.jpg 1024w, https:\/\/savia-mijas.com\/wp-content\/uploads\/sites\/43\/2025\/07\/savia2maplr-768x512.jpg 768w, https:\/\/savia-mijas.com\/wp-content\/uploads\/sites\/43\/2025\/07\/savia2maplr-18x12.jpg 18w\" sizes=\"(max-width: 1200px) 100vw, 1200px\" \/><\/div>\n\t\t<\/figure>\n\t<\/div>\n<div class=\"button_wrapper aligncenter\"><a  href=\"\" target=\"_self\" title=\"&gt; popro\u015b o pakiet informacyjny\" class=\"button_  style-2 small\">&gt; popro\u015b o pakiet informacyjny<\/a><\/div><div class=\"vc_separator wpb_content_element vc_separator_align_center vc_sep_width_100 vc_sep_style-6 vc_sep_pos_align_center vc_separator_no_text vc_sep_color_grey\" ><span class=\"vc_sep_holder vc_sep_holder_l\"><span class=\"vc_sep_line\"><\/span><\/span><span class=\"vc_sep_holder vc_sep_holder_r\"><span class=\"vc_sep_line\"><\/span><\/span>\n<\/div>\n\t<div class=\"wpb_text_column wpb_content_element\" >\n\t\t<div class=\"wpb_wrapper\">\n\t\t\t<p>Z kompleksu Savia Mijas Mijas mo\u017cna r\u00f3wnie\u017c wiele odkry\u0107 w najbli\u017cszej okolicy. Oto kilka atrakcji i atrakcji, kt\u00f3rych nie mo\u017cesz przegapi\u0107, a wszystko to w zasi\u0119gu spaceru, jazdy na rowerze lub kr\u00f3tkiej przeja\u017cd\u017cki:<\/p>\n<ul>\n<li><strong>Mijas Pueblo<\/strong>: Urocza bia\u0142a wioska w g\u00f3rach z w\u0105skimi uliczkami, tradycyjn\u0105 andaluzyjsk\u0105 architektur\u0105 i spektakularnymi widokami na wybrze\u017ce.<\/li>\n<li><strong>Castillo de Colomares<\/strong>: Imponuj\u0105cy pomnik w Benalm\u00e1dena, po\u015bwi\u0119cony odkryciu Ameryki przez Kolumba. Jest to unikalna mieszanka styl\u00f3w architektonicznych.<\/li>\n<li><strong>Opcje sportowe<\/strong><br \/>\n<em>Pola golfowe<\/em>: Region s\u0142ynie z p\u00f3l golfowych, takich jak Mijas Golf i Santana Golf, kt\u00f3re oferuj\u0105 doskona\u0142e udogodnienia dla mi\u0142o\u015bnik\u00f3w golfa.<br \/>\n<em>Sporty wodne<\/em>: Na pobliskich pla\u017cach mo\u017cna uprawia\u0107 takie sporty, jak windsurfing, p\u0142ywanie kajakiem i paddleboarding.<\/li>\n<li>Opcje rozrywki<br \/>\n<em>Fuengirola<\/em>: Znane z t\u0119tni\u0105cego \u017cyciem \u017cycia nocnego z mn\u00f3stwem bar\u00f3w, klub\u00f3w i lokali z muzyk\u0105 na \u017cywo.<br \/>\n<em>La Cala de Mijas<\/em>: Przytulny kurort nadmorski ze swobodn\u0105 atmosfer\u0105, w kt\u00f3rym mo\u017cna cieszy\u0107 si\u0119 barami na pla\u017cy i wieczornymi spacerami promenad\u0105.<\/li>\n<li>Opcje kulinarne<br \/>\n<em>Lokalne restauracje<\/em>: Skosztuj da\u0144 kuchni andaluzyjskiej w lokalnych barach tapas i restauracjach serwuj\u0105cych owoce morza. Spr\u00f3buj da\u0144 takich jak paella, gazpacho i \u015bwie\u017ce owoce morza.<br \/>\n<em>Chiringuito<\/em>: Restauracje na pla\u017cy, w kt\u00f3rych mo\u017cna delektowa\u0107 si\u0119 \u015bwie\u017cymi daniami rybnymi tu\u017c nad morzem.<br \/>\nMo\u017cliwo\u015bci kulturalne<br \/>\n<em>Museo Hist\u00f3rico-Etnol\u00f3gico de Mijas<\/em>: Muzeum oferuj\u0105ce wgl\u0105d w lokaln\u0105 histori\u0119 i tradycje Mijas.<br \/>\n<em>Pokazy flamenco<\/em>: Poczuj pasj\u0119 do kultury hiszpa\u0144skiej podczas tradycyjnego pokazu flamenco w jednym z lokalnych teatr\u00f3w lub bar\u00f3w.<\/li>\n<li>skosztowa\u0107 <strong>lokalna gastronomia<\/strong> \u2013 Kuchnia andaluzyjska jest bogata i r\u00f3\u017cnorodna. Skosztuj lokalnych specja\u0142\u00f3w, takich jak gazpacho, espetos (sardynki na szasz\u0142yku) i s\u0142odkie wino z regionu. W okolicy znajduje si\u0119 mn\u00f3stwo restauracji i bar\u00f3w tapas, w kt\u00f3rych mo\u017cna skosztowa\u0107 tych specja\u0142\u00f3w.<\/li>\n<li><strong>na rowerze wzd\u0142u\u017c Riviera del Sol<\/strong> \u2013 Chwy\u0107 rower i zwiedzaj pi\u0119kne wybrze\u017ce wzd\u0142u\u017c Riviera del Sol. Trasa oferuje pi\u0119kne widoki i przytulne bary na pla\u017cy (chiringuitos), w kt\u00f3rych mo\u017cna zatrzyma\u0107 si\u0119 na orze\u017awiaj\u0105cego drinka.<\/li>\n<li>Odwied\u017a to <strong>Zamek Sohail<\/strong> (Fuengirola) \u2013 Ten zabytkowy zamek, po\u0142o\u017cony niedaleko Calahondy, oferuje nie tylko ciekaw\u0105 histori\u0119, ale tak\u017ce spektakularne widoki na Morze \u015ar\u00f3dziemne.<\/li>\n<li><strong>rynki Mijas<\/strong> \u2013 Przegl\u0105daj lokalne rynki, na kt\u00f3rych znajdziesz wszystko, od \u015bwie\u017cych produkt\u00f3w po r\u0119cznie robione pami\u0105tki. Na pewno warto odwiedzi\u0107 targ w La Cala de Mijas, kt\u00f3ry odbywa si\u0119 w ka\u017cd\u0105 \u015brod\u0119 i sobot\u0119.<\/li>\n<\/ul>\n<p>Dzi\u0119ki tym dzia\u0142aniom i atrakcjom tu\u017c za rogiem Ty, Twoja rodzina, przyjaciele lub go\u015bcie sp\u0119dzicie niezapomniane chwile w Mijas i okolicach, niezale\u017cnie od tego, czy szukasz relaksu, przygody, wra\u017ce\u0144 kulturalnych czy kulinarnych.<\/p>\n\n\t\t<\/div>\n\t<\/div>\n\n\t\t<\/div>\n\t<\/div>\n\t<\/div>\n\n<\/div>\n<\/div>\n\n<div  class=\"content_row row room-list vc_row wpb_row  default-style fullwidth\" >\n\t\n\t<div class=\"content_row_wrapper  fullwidth\" >\n\t<div id=\"asdasd\" class=\"vc_col-sm-12 wpb_column vc_column_container\" >\n\t<div class=\"vc_column-inner\">\n\t\t<div class=\"wpb_wrapper\" >\n\t\t\t<div class=\"button_wrapper aligncenter\"><a  href=\"\" target=\"_self\" title=\"&gt; popro\u015b o pakiet informacyjny\" class=\"button_  style-2 small\">&gt; popro\u015b o pakiet informacyjny<\/a><\/div><div class=\"vc_separator wpb_content_element vc_separator_align_center vc_sep_width_100 vc_sep_style-6 vc_sep_pos_align_center vc_separator_no_text vc_sep_color_grey\" ><span class=\"vc_sep_holder vc_sep_holder_l\"><span class=\"vc_sep_line\"><\/span><\/span><span class=\"vc_sep_holder vc_sep_holder_r\"><span class=\"vc_sep_line\"><\/span><\/span>\n<\/div><div class=\"google_map_holder\" data-height=\"300\" data-scope=\"#map-100684\" data-bw=\"\">\n\n\t\t\t<div id=\"map-100684\" class=\"google_map\"><\/div>\n\t\t\t<script type=\"text\/javascript\">\n\t\t\t \/* <![CDATA[ *\/ \n\t\t\t\t\/\/ Runs google maps\t\n\t\t\t\t\tjQuery(function() {\n\t\t\t\t\t\tjQuery(\"#map-100684\").rt_maps([[\"Savia - Mijas\", 36.520775, -4.652748, 4,\"Savia Mijas &#8211; M\u00e1laga &#8211; Spain\"],],10); \n\t\t\t\t\t});\n\t\t\t\/* ]]> *\/\t\n\t\t\t<\/script>\n\n\t\t<\/div><div class=\"vc_empty_space\"   style=\"height: 90px\"><span class=\"vc_empty_space_inner\"><\/span><\/div><div class=\"rt_quote\"  >\n\t\t\t\t\t\t\t<p>\n\t\t\t\t\t\t\t\t<span class=\"icon-quote-left\"><\/span>\n\t\t\t\t\t\t\t\t<\/p>\n<p id=\"tw-target-text\" class=\"tw-data-text tw-text-large tw-ta\" dir=\"ltr\" data-placeholder=\"Vertaling\" data-ved=\"2ahUKEwjrwKua7ISEAxXezgIHHeULBkAQ3ewLegQIBRAQ\"><span class=\"Y2IQFc\" lang=\"nl\">Miejsce, w kt\u00f3rym mo\u017cna cieszy\u0107 si\u0119 okolic\u0105, spokojem, \u017cyciem pobliskich miast i wsi oraz ekskluzywno\u015bci\u0105 wyj\u0105tkowej enklawy.<\/span><\/p>\n<p>\n\t\t\t\t\t\t\t\t<span class=\"icon-quote-right\"><\/span>\n\t\t\t\t\t\t\t<\/p>\n\t\t\t\t\t\t\t\n\t\t\t\t\t<\/div>\n\t\t<\/div>\n\t<\/div>\n\t<\/div>\n\n<\/div>\n<\/div>\n\n<div  class=\"content_row row vc_row wpb_row  default-style fullwidth\" >\n\t\n\t<div class=\"content_row_wrapper  default\" >\n\t<div id=\"asdasd\" class=\"vc_col-sm-12 wpb_column vc_column_container\" >\n\t<div class=\"vc_column-inner\">\n\t\t<div class=\"wpb_wrapper\" >\n\t\t\t\n\t\t<div  class=\"info_box margin-b20 clearfix announcement announcement\" data-rt-animate=\"animate\" data-rt-animation-type=\"fadeInDown\" data-rt-animation-group=\"single\">\n\t\t\t<span class=\"icon-cancel\"><\/span>\n\t\t\t<p class=\"icon-megaphone-1\">\n\t\t\t\t<\/p>\n<ul>\n<li>Lotnisko (50-100 km)<\/li>\n<li>Pla\u017ca (3 km)<\/li>\n<li>Morze (3 km)<\/li>\n<li>Morze i pla\u017ca kilka minut samochodem<\/li>\n<li>Widok na wzg\u00f3rza<\/li>\n<li>Widok miasta<\/li>\n<li>Transport publiczny<\/li>\n<li>Sklepy\/centrum handlowe w odleg\u0142o\u015bci spaceru<\/li>\n<li>Bary\/restauracje w odleg\u0142o\u015bci spaceru<\/li>\n<\/ul>\n<p>\n\t\t\t<\/p>\n\t\t<\/div>\n\t\n\t\t<\/div>\n\t<\/div>\n\t<\/div>\n\n<\/div>\n<\/div>\n<\/section>","protected":false},"excerpt":{"rendered":"<p>\u2026 <a class=\"more-link\" href=\"https:\/\/savia-mijas.com\/pl\/lokalizacja\/\">Kontynuuj czytanie<\/a><\/p>","protected":false},"author":1,"featured_media":4573,"parent":0,"menu_order":5,"comment_status":"closed","ping_status":"closed","template":"","meta":{"footnotes":""},"class_list":["post-97","page","type-page","status-publish","has-post-thumbnail","hentry"],"yoast_head":"<!-- This site is optimized with the Yoast SEO plugin v26.0 - https:\/\/yoast.com\/wordpress\/plugins\/seo\/ -->\n<title>Locatie - SAVIA II - MIJAS<\/title>\n<meta name=\"robots\" content=\"index, follow, max-snippet:-1, max-image-preview:large, max-video-preview:-1\" \/>\n<link rel=\"canonical\" href=\"https:\/\/savia-mijas.com\/pl\/lokalizacja\/\" \/>\n<meta property=\"og:locale\" content=\"pl_PL\" \/>\n<meta property=\"og:type\" content=\"article\" \/>\n<meta property=\"og:title\" content=\"Locatie - SAVIA II - MIJAS\" \/>\n<meta property=\"og:url\" content=\"https:\/\/savia-mijas.com\/pl\/lokalizacja\/\" \/>\n<meta property=\"og:site_name\" content=\"SAVIA II - MIJAS\" \/>\n<meta property=\"article:modified_time\" content=\"2025-07-18T08:43:32+00:00\" \/>\n<meta property=\"og:image\" content=\"https:\/\/savia-mijas.com\/wp-content\/uploads\/sites\/43\/2024\/04\/savia_complex.jpg\" \/>\n\t<meta property=\"og:image:width\" content=\"1920\" \/>\n\t<meta property=\"og:image:height\" content=\"1350\" \/>\n\t<meta property=\"og:image:type\" content=\"image\/jpeg\" \/>\n<meta name=\"twitter:card\" content=\"summary_large_image\" \/>\n<meta name=\"twitter:label1\" content=\"Szacowany czas czytania\" \/>\n\t<meta name=\"twitter:data1\" content=\"5 minut\" \/>\n<script type=\"application\/ld+json\" class=\"yoast-schema-graph\">{\"@context\":\"https:\/\/schema.org\",\"@graph\":[{\"@type\":\"WebPage\",\"@id\":\"https:\/\/savia-mijas.com\/locatie\/\",\"url\":\"https:\/\/savia-mijas.com\/locatie\/\",\"name\":\"Locatie - SAVIA II - MIJAS\",\"isPartOf\":{\"@id\":\"https:\/\/savia-mijas.com\/#website\"},\"primaryImageOfPage\":{\"@id\":\"https:\/\/savia-mijas.com\/locatie\/#primaryimage\"},\"image\":{\"@id\":\"https:\/\/savia-mijas.com\/locatie\/#primaryimage\"},\"thumbnailUrl\":\"https:\/\/savia-mijas.com\/wp-content\/uploads\/sites\/43\/2024\/04\/savia_complex.jpg\",\"datePublished\":\"2022-01-27T10:58:35+00:00\",\"dateModified\":\"2025-07-18T08:43:32+00:00\",\"breadcrumb\":{\"@id\":\"https:\/\/savia-mijas.com\/locatie\/#breadcrumb\"},\"inLanguage\":\"pl-PL\",\"potentialAction\":[{\"@type\":\"ReadAction\",\"target\":[\"https:\/\/savia-mijas.com\/locatie\/\"]}]},{\"@type\":\"ImageObject\",\"inLanguage\":\"pl-PL\",\"@id\":\"https:\/\/savia-mijas.com\/locatie\/#primaryimage\",\"url\":\"https:\/\/savia-mijas.com\/wp-content\/uploads\/sites\/43\/2024\/04\/savia_complex.jpg\",\"contentUrl\":\"https:\/\/savia-mijas.com\/wp-content\/uploads\/sites\/43\/2024\/04\/savia_complex.jpg\",\"width\":1920,\"height\":1350},{\"@type\":\"BreadcrumbList\",\"@id\":\"https:\/\/savia-mijas.com\/locatie\/#breadcrumb\",\"itemListElement\":[{\"@type\":\"ListItem\",\"position\":1,\"name\":\"Home\",\"item\":\"https:\/\/savia-mijas.com\/\"},{\"@type\":\"ListItem\",\"position\":2,\"name\":\"Locatie\"}]},{\"@type\":\"WebSite\",\"@id\":\"https:\/\/savia-mijas.com\/#website\",\"url\":\"https:\/\/savia-mijas.com\/\",\"name\":\"SAVIA II - MIJAS\",\"description\":\"Een evenwicht tussen architectuur en natuur\",\"potentialAction\":[{\"@type\":\"SearchAction\",\"target\":{\"@type\":\"EntryPoint\",\"urlTemplate\":\"https:\/\/savia-mijas.com\/?s={search_term_string}\"},\"query-input\":{\"@type\":\"PropertyValueSpecification\",\"valueRequired\":true,\"valueName\":\"search_term_string\"}}],\"inLanguage\":\"pl-PL\"}]}<\/script>\n<!-- \/ Yoast SEO plugin. -->","yoast_head_json":{"title":"Lokalizacja - SAVIA II - MIJAS","robots":{"index":"index","follow":"follow","max-snippet":"max-snippet:-1","max-image-preview":"max-image-preview:large","max-video-preview":"max-video-preview:-1"},"canonical":"https:\/\/savia-mijas.com\/pl\/lokalizacja\/","og_locale":"pl_PL","og_type":"article","og_title":"Locatie - SAVIA II - MIJAS","og_url":"https:\/\/savia-mijas.com\/pl\/lokalizacja\/","og_site_name":"SAVIA II - MIJAS","article_modified_time":"2025-07-18T08:43:32+00:00","og_image":[{"width":1920,"height":1350,"url":"https:\/\/savia-mijas.com\/wp-content\/uploads\/sites\/43\/2024\/04\/savia_complex.jpg","type":"image\/jpeg"}],"twitter_card":"summary_large_image","twitter_misc":{"Szacowany czas czytania":"5 minut"},"schema":{"@context":"https:\/\/schema.org","@graph":[{"@type":"WebPage","@id":"https:\/\/savia-mijas.com\/locatie\/","url":"https:\/\/savia-mijas.com\/locatie\/","name":"Lokalizacja - SAVIA II - MIJAS","isPartOf":{"@id":"https:\/\/savia-mijas.com\/#website"},"primaryImageOfPage":{"@id":"https:\/\/savia-mijas.com\/locatie\/#primaryimage"},"image":{"@id":"https:\/\/savia-mijas.com\/locatie\/#primaryimage"},"thumbnailUrl":"https:\/\/savia-mijas.com\/wp-content\/uploads\/sites\/43\/2024\/04\/savia_complex.jpg","datePublished":"2022-01-27T10:58:35+00:00","dateModified":"2025-07-18T08:43:32+00:00","breadcrumb":{"@id":"https:\/\/savia-mijas.com\/locatie\/#breadcrumb"},"inLanguage":"pl-PL","potentialAction":[{"@type":"ReadAction","target":["https:\/\/savia-mijas.com\/locatie\/"]}]},{"@type":"ImageObject","inLanguage":"pl-PL","@id":"https:\/\/savia-mijas.com\/locatie\/#primaryimage","url":"https:\/\/savia-mijas.com\/wp-content\/uploads\/sites\/43\/2024\/04\/savia_complex.jpg","contentUrl":"https:\/\/savia-mijas.com\/wp-content\/uploads\/sites\/43\/2024\/04\/savia_complex.jpg","width":1920,"height":1350},{"@type":"BreadcrumbList","@id":"https:\/\/savia-mijas.com\/locatie\/#breadcrumb","itemListElement":[{"@type":"ListItem","position":1,"name":"Home","item":"https:\/\/savia-mijas.com\/"},{"@type":"ListItem","position":2,"name":"Locatie"}]},{"@type":"WebSite","@id":"https:\/\/savia-mijas.com\/#website","url":"https:\/\/savia-mijas.com\/","name":"SAVIA II - MIJAS","description":"R\u00f3wnowaga pomi\u0119dzy architektur\u0105 i natur\u0105","potentialAction":[{"@type":"SearchAction","target":{"@type":"EntryPoint","urlTemplate":"https:\/\/savia-mijas.com\/?s={search_term_string}"},"query-input":{"@type":"PropertyValueSpecification","valueRequired":true,"valueName":"search_term_string"}}],"inLanguage":"pl-PL"}]}},"_links":{"self":[{"href":"https:\/\/savia-mijas.com\/pl\/wp-json\/wp\/v2\/pages\/97","targetHints":{"allow":["GET"]}}],"collection":[{"href":"https:\/\/savia-mijas.com\/pl\/wp-json\/wp\/v2\/pages"}],"about":[{"href":"https:\/\/savia-mijas.com\/pl\/wp-json\/wp\/v2\/types\/page"}],"author":[{"embeddable":true,"href":"https:\/\/savia-mijas.com\/pl\/wp-json\/wp\/v2\/users\/1"}],"replies":[{"embeddable":true,"href":"https:\/\/savia-mijas.com\/pl\/wp-json\/wp\/v2\/comments?post=97"}],"version-history":[{"count":45,"href":"https:\/\/savia-mijas.com\/pl\/wp-json\/wp\/v2\/pages\/97\/revisions"}],"predecessor-version":[{"id":4653,"href":"https:\/\/savia-mijas.com\/pl\/wp-json\/wp\/v2\/pages\/97\/revisions\/4653"}],"wp:featuredmedia":[{"embeddable":true,"href":"https:\/\/savia-mijas.com\/pl\/wp-json\/wp\/v2\/media\/4573"}],"wp:attachment":[{"href":"https:\/\/savia-mijas.com\/pl\/wp-json\/wp\/v2\/media?parent=97"}],"curies":[{"name":"wp","href":"https:\/\/api.w.org\/{rel}","templated":true}]}}